{"id":96,"date":"2023-01-17T12:43:01","date_gmt":"2023-01-17T10:43:01","guid":{"rendered":"http:\/\/processos-grupals-aula.azurewebsites.net\/?page_id=96"},"modified":"2023-02-28T13:09:54","modified_gmt":"2023-02-28T11:09:54","slug":"3-1-3-tipologia-de-movimientos","status":"publish","type":"page","link":"http:\/\/processos-grupals.aula.uoc.edu\/es\/3-1-3-tipologia-de-movimientos\/","title":{"rendered":"3.1.3. Tipolog\u00eda de movimientos"},"content":{"rendered":"<p>A fin de especificar la existencia de diferencias no menores dentro de la categor\u00eda movimientos sociales, puede establecerse una tipolog\u00eda de movimientos sociales basada tanto en el patr\u00f3n de reivindicaci\u00f3n propuesto por el movimiento como tambi\u00e9n en la forma organizativa que exhibe:<\/p>\n<ul>\n<li><strong>Movimientos sociopol\u00edticos<\/strong>. Cuando la reivindicaci\u00f3n y el cambio propuesto por el movimiento se focaliza en <strong>cuestiones pol\u00edticas o econ\u00f3micas<\/strong>, se considerar\u00e1n como movimientos sociopol\u00edticos.<\/li>\n<li><strong>Movimientos espec\u00edficos<\/strong><strong>: proactivos y reactivos<\/strong>. En caso de tener una reivindicaci\u00f3n concreta, se conocen como movimientos espec\u00edficos; ser\u00e1 a su vez un movimiento espec\u00edfico <strong>proactivo<\/strong> si proponen una <strong>nueva normativa social<\/strong> a las autoridades pol\u00edticas (por ejemplo, los inicios del movimiento ecologista). Ser\u00e1, por el contrario, un movimiento espec\u00edfico <strong>reactivo<\/strong> cuando <strong>se opone a una decisi\u00f3n concreta de las autoridades<\/strong>. <div class=\"featured featured-grey\"><p>Un buen ejemplo de movimiento espec\u00edfico reactivo ha sido el movimiento contrario a la ampliaci\u00f3n del aeropuerto de Barcelona, que durante la segunda parte de 2021 organiz\u00f3 diferentes acciones colectivas y que, en consecuencia, una vez descartada la ampliaci\u00f3n, el movimiento se desintegr\u00f3.<\/p>\n<\/div><\/li>\n<li><strong>Movimientos sociales generales<\/strong>. En caso de tener un conjunto mucho m\u00e1s variado de reivindicaciones que afectan no a una decisi\u00f3n de las autoridades, sino a una <strong>determinada visi\u00f3n del mundo<\/strong>, se utiliza el concepto <em>movimientos sociales generales<\/em>: por ejemplo, el movimiento feminista, el movimiento obrero o el movimiento pacifista. Estos movimientos tratan de obtener <strong>cambios graduales y generalizados en los valores de la gente<\/strong>, esto es, en las autoconcepciones y, espec\u00edficamente, en todo lo relacionado con sus derechos y privilegios. La creaci\u00f3n de nuevos valores, creencias y concepciones de la vida de las personas se convierte en la motivaci\u00f3n fundamental de los movimientos sociales generales por su inconformismo por la situaci\u00f3n actual.<\/li>\n<li><strong>Contramovimientos sociales<\/strong>. En la teor\u00eda de movimientos sociales se encuentra tambi\u00e9n otro concepto importante para identificar a la din\u00e1mica de los movimientos: cuando aparece un movimiento social y tiene cierta repercusi\u00f3n social y pol\u00edtica no es para nada inusual ni raro la aparici\u00f3n de <strong>otro movimiento social que se le opone<\/strong>. <div class=\"featured featured-grey\"><p>Un ejemplo claro lo tenemos en la reivindicaci\u00f3n abortista del movimiento feminista y la aparici\u00f3n, <em>a posteriori<\/em>, del movimiento antiabortista de mucha actualidad hoy por ejemplo, en los <a href=\"https:\/\/elpais.com\/sociedad\/2022-06-25\/una-marea-verde-tine-las-calles-de-estados-unidos-tras-la-decision-del-supremo-sobre-el-aborto.html\" target=\"_blank\" rel=\"noopener\">Estados Unidos<\/a>. Otro ejemplo son los movimientos sociales frente a estrategias militares y el resurgimiento de las derechas radicales en Am\u00e9rica Latina, la exigencia de <a href=\"https:\/\/es.euronews.com\/2022\/11\/02\/el-movimiento-bolsonarista-exige-una-intervencion-militar-contra-la-victoria-de-lula-da-si\" target=\"_blank\" rel=\"noopener\">intervenci\u00f3n militar en Brasil<\/a> del movimiento bolsonarista despu\u00e9s de la tercera victoria del l\u00edder pol\u00edtico Luiz In\u00e1cio Lula da Silva en las elecciones de 2022.<\/p>\n<\/div> A estos movimientos sociales que nacen de la oposici\u00f3n a un movimiento social previo, se les conoce como \u00abcontramovimiento social\u00bb. As\u00ed, el movimiento y el contramovimiento <strong>se disputan influencia social, cultural y pol\u00edtica<\/strong>. En general puede decirse que mientras los movimientos tratan de incidir en cambios sociales que apoyen sus propias opiniones, por la parte de los contramovimientos tratan de incidir en el <strong>mantenimiento de las estructuras sociales<\/strong>. Tal y como han se\u00f1alado diferentes estudiosos (God\u00e0s, 2007), podemos decir que mientras que los movimientos son generalmente una invenci\u00f3n colectiva de personas que no pertenecen a las \u00e9lites, sin acceso regular a las instituciones y que cuestionan intereses establecidos; por el contrario, los contramovimientos, que, en esencia, son una <strong>respuesta a los movimientos, se vinculan a organizaciones e intereses establecidos<\/strong>. Incluso, no pocas veces, la relaci\u00f3n de los contramovimientos con el orden establecido tiende a dotarlos de recursos para la acci\u00f3n no institucional.<\/li>\n<\/ul>\n","protected":false},"excerpt":{"rendered":"<p>A fin de especificar la existencia de diferencias no menores dentro de la categor\u00eda movimientos sociales, puede establecerse una tipolog\u00eda de movimientos sociales basada tanto en el patr\u00f3n de reivindicaci\u00f3n propuesto por el movimiento como tambi\u00e9n en la forma organizativa que exhibe: Movimientos sociopol\u00edticos. Cuando la reivindicaci\u00f3n y el cambio propuesto por el movimiento se [&hellip;]<\/p>\n","protected":false},"author":2,"featured_media":0,"parent":0,"menu_order":0,"comment_status":"closed","ping_status":"closed","template":"","meta":{"footnotes":""},"acf":[],"_links":{"self":[{"href":"http:\/\/processos-grupals.aula.uoc.edu\/es\/wp-json\/wp\/v2\/pages\/96"}],"collection":[{"href":"http:\/\/processos-grupals.aula.uoc.edu\/es\/wp-json\/wp\/v2\/pages"}],"about":[{"href":"http:\/\/processos-grupals.aula.uoc.edu\/es\/wp-json\/wp\/v2\/types\/page"}],"author":[{"embeddable":true,"href":"http:\/\/processos-grupals.aula.uoc.edu\/es\/wp-json\/wp\/v2\/users\/2"}],"replies":[{"embeddable":true,"href":"http:\/\/processos-grupals.aula.uoc.edu\/es\/wp-json\/wp\/v2\/comments?post=96"}],"version-history":[{"count":6,"href":"http:\/\/processos-grupals.aula.uoc.edu\/es\/wp-json\/wp\/v2\/pages\/96\/revisions"}],"predecessor-version":[{"id":934,"href":"http:\/\/processos-grupals.aula.uoc.edu\/es\/wp-json\/wp\/v2\/pages\/96\/revisions\/934"}],"wp:attachment":[{"href":"http:\/\/processos-grupals.aula.uoc.edu\/es\/wp-json\/wp\/v2\/media?parent=96"}],"curies":[{"name":"wp","href":"https:\/\/api.w.org\/{rel}","templated":true}]}}