{"id":94,"date":"2023-01-17T12:41:39","date_gmt":"2023-01-17T10:41:39","guid":{"rendered":"http:\/\/processos-grupals-aula.azurewebsites.net\/?page_id=94"},"modified":"2024-09-12T18:45:34","modified_gmt":"2024-09-12T16:45:34","slug":"3-1-2-la-accion-colectiva-contenciosa","status":"publish","type":"page","link":"http:\/\/processos-grupals.aula.uoc.edu\/es\/3-1-2-la-accion-colectiva-contenciosa\/","title":{"rendered":"3.1.2. La acci\u00f3n colectiva contenciosa"},"content":{"rendered":"<p>La <strong>acci\u00f3n colectiva<\/strong> es propia del comportamiento humano en sus distintas facetas. Puede adoptar formas diversas: espor\u00e1dica o continuada, disruptiva o institucionalizada, deportiva, cultural o pol\u00edtica.\u00a0 Algunas veces esta acci\u00f3n colectiva la producen grupos que desaf\u00edan a las autoridades pol\u00edticas en nombre de reivindicaciones nuevas o entendidas como tal. Este tipo de acci\u00f3n colectiva que desaf\u00eda a las autoridades se la conoce como <strong>acci\u00f3n colectiva contenciosa<\/strong>, o transgresiva. No es nada excepcional. El hecho de protestar frente y contra las autoridades es ciertamente habitual tanto en las sociedades actuales como tambi\u00e9n desde un punto vista hist\u00f3rico.<\/p>\n<p>Los movimientos sociales son uno de los actores que utiliza la acci\u00f3n colectiva contenciosa. Tienen un corte hist\u00f3rico m\u00e1s contempor\u00e1neo y <strong>no todas las acciones colectivas ni todas las que expresan conflictos con las autoridades dan lugar a movimientos sociales<\/strong>. Los movimientos sociales son una <strong>creaci\u00f3n colectiva, una invenci\u00f3n que nace alrededor del siglo <span class=\"roman\">XIX<\/span> para identificar acciones colectivas que dejan de ser locales para adquirir dimensiones nacionales o estatales, que pasan de temas espec\u00edficos a tem\u00e1ticas m\u00e1s modulares y que tienen pautas aut\u00f3nomas y autoorganizadas.<\/strong><\/p>\n<p>\u00bfPor qu\u00e9 la acci\u00f3n colectiva contenciosa? La <strong>acci\u00f3n colectiva<\/strong> es el principal recurso del que dispone la mayor\u00eda de la gente para enfrentarse a adversarios mejor posicionados, que es la base de los movimientos sociales. <strong>Cuando una acci\u00f3n genera desaf\u00edos colectivos, objetivos comunes, solidaridad y mantiene durante un tiempo prolongado la acci\u00f3n colectiva, entonces se convierte en lo que llamamos movimientos sociales<\/strong>.\u00a0 Otra definici\u00f3n bastante consensuada de movimientos sociales es la propuesta por Sidney Tarrow (<em>op. cit<\/em>).\u00a0; los define como:<\/p>\n<blockquote><p>\u00abdesaf\u00edos colectivos planteados por personas que comparten objetivos comunes y solidaridad en una interacci\u00f3n mantenida con las elites, los oponentes y las autoridades\u00bb.<\/p><\/blockquote>\n<p>La acci\u00f3n colectiva caracter\u00edstica de los movimientos sociales no es cualquier acci\u00f3n colectiva, sino la que hemos llamado <em>acci\u00f3n colectiva contenciosa<\/em>. Es cierto que los propios movimientos pueden utilizar otras formas de acci\u00f3n colectiva menos disruptivas, pero <strong>su caracter\u00edstica m\u00e1s fundamental y singular es el desaf\u00edo que generan.<\/strong><\/p>\n<p>Esta acci\u00f3n colectiva contenciosa genera un <strong>conflicto<\/strong>.\u00a0 Los sujetos, que producen otra representaci\u00f3n de s\u00ed mismos, generan a la vez conflicto pol\u00edtico con el fin de superar una situaci\u00f3n que consideran injusta hacia otra mejor. Es un conflicto que, adem\u00e1s, abre un nuevo actor pol\u00edtico y que usualmente utiliza formas innovadoras de <strong>protesta<\/strong>. Por ejemplo, el sujeto que se forma en el siglo <span class=\"roman\">XIX<\/span> y se autonarra como clase obrera, produce formas de conflicto que se inician con la creaci\u00f3n de las sociedades de mutuo socorro y de las primeras, por tanto, asociaciones netamente obreras que inicialmente son ilegales y perseguidas por las autoridades; inventa y desarrolla la huelga y el sindicalismo como formas de conflicto, como m\u00e1quinas pol\u00edticas para obtener menos explotaci\u00f3n y por tanto m\u00e1s derechos. Otro ejemplo: el movimiento por los derechos civiles, de los Estados Unidos de la d\u00e9cada de los sesenta, reactualiza la <strong>desobediencia civil<\/strong> mediante un uso estrat\u00e9gico de los medios de comunicaci\u00f3n y de la invenci\u00f3n de <strong>repertorios de protesta<\/strong> innovadores -por ejemplo, las <em>sit-in<\/em> (\u2018sentadas\u2019) frente a los espacios de discriminaci\u00f3n racial- que suponen formas de conflicto, m\u00e1quinas pol\u00edticas para obtener menos discriminaci\u00f3n y exclusi\u00f3n y m\u00e1s derechos.<\/p>\n<p>Es importante constatar que <strong>la creaci\u00f3n de conflicto puede y deber ser le\u00edda como el momento donde se pasa al ejercicio de un derecho sin que este forme parte de la legalidad:<\/strong> los obreros se declaran en huelga antes de reconocerse la huelga, las sufragistas tomaban voz pol\u00edtica antes de reconocerse su derecho a voto, la poblaci\u00f3n entraba en las cafeter\u00edas y restaurantes segregacionistas antes de que les fuera permitido, y Rosa Parks ocup\u00f3 la parte del autob\u00fas que correspond\u00eda a los blancos antes de que la ley se modificara. Es importante, y eso nos lleva a un argumento que desarrollaremos l\u00edneas m\u00e1s abajo, <strong>el conflicto que generan los movimientos sociales, ya que ha sido extraordinariamente productivo<\/strong>, y siguen influenciando los movimientos sociales contempor\u00e1neos (por ejemplo, <em>Black Lives Matter<\/em>, que comenz\u00f3 en 2013 para denunciar la violencia sufrida por la poblaci\u00f3n negra y que tuvo gran repercusi\u00f3n mundial en 2021 despu\u00e9s del <a href=\"https:\/\/elpais.com\/internacional\/2020-06-01\/la-autopsia-de-george-floyd-encargada-por-su-familia-establece-la-asfixia-como-causa-de-muerte.html\" target=\"_blank\" rel=\"noopener\">asesinato de George Floyd por el agente Derek Chauvin<\/a>).<\/p>\n","protected":false},"excerpt":{"rendered":"<p>La acci\u00f3n colectiva es propia del comportamiento humano en sus distintas facetas. Puede adoptar formas diversas: espor\u00e1dica o continuada, disruptiva o institucionalizada, deportiva, cultural o pol\u00edtica.\u00a0 Algunas veces esta acci\u00f3n colectiva la producen grupos que desaf\u00edan a las autoridades pol\u00edticas en nombre de reivindicaciones nuevas o entendidas como tal. Este tipo de acci\u00f3n colectiva que [&hellip;]<\/p>\n","protected":false},"author":2,"featured_media":0,"parent":0,"menu_order":0,"comment_status":"closed","ping_status":"closed","template":"","meta":{"footnotes":""},"acf":[],"_links":{"self":[{"href":"http:\/\/processos-grupals.aula.uoc.edu\/es\/wp-json\/wp\/v2\/pages\/94"}],"collection":[{"href":"http:\/\/processos-grupals.aula.uoc.edu\/es\/wp-json\/wp\/v2\/pages"}],"about":[{"href":"http:\/\/processos-grupals.aula.uoc.edu\/es\/wp-json\/wp\/v2\/types\/page"}],"author":[{"embeddable":true,"href":"http:\/\/processos-grupals.aula.uoc.edu\/es\/wp-json\/wp\/v2\/users\/2"}],"replies":[{"embeddable":true,"href":"http:\/\/processos-grupals.aula.uoc.edu\/es\/wp-json\/wp\/v2\/comments?post=94"}],"version-history":[{"count":5,"href":"http:\/\/processos-grupals.aula.uoc.edu\/es\/wp-json\/wp\/v2\/pages\/94\/revisions"}],"predecessor-version":[{"id":1406,"href":"http:\/\/processos-grupals.aula.uoc.edu\/es\/wp-json\/wp\/v2\/pages\/94\/revisions\/1406"}],"wp:attachment":[{"href":"http:\/\/processos-grupals.aula.uoc.edu\/es\/wp-json\/wp\/v2\/media?parent=94"}],"curies":[{"name":"wp","href":"https:\/\/api.w.org\/{rel}","templated":true}]}}