{"id":89,"date":"2023-01-17T12:38:14","date_gmt":"2023-01-17T10:38:14","guid":{"rendered":"http:\/\/processos-grupals-aula.azurewebsites.net\/?page_id=89"},"modified":"2023-02-16T14:33:45","modified_gmt":"2023-02-16T12:33:45","slug":"apartado-2-conceptos-clave","status":"publish","type":"page","link":"http:\/\/processos-grupals.aula.uoc.edu\/es\/apartado-2-conceptos-clave\/","title":{"rendered":"Conceptos clave"},"content":{"rendered":"<p><strong>2. Procesos colectivos y acci\u00f3n social<\/strong><\/p>\n<p>(Lo) Colectivo &#8211; Procesos colectivos<br \/>\n(Lo) Social &#8211; Acci\u00f3n social<br \/>\nAislamiento<br \/>\nAlgoritmos<br \/>\nAutoexplotaci\u00f3n<br \/>\nBulos<br \/>\nCambio o transformaci\u00f3n social<br \/>\nColectivo digital<br \/>\nComunidad(es)<br \/>\nConspiraci\u00f3n<br \/>\nContagio<br \/>\nEnfoque del comportamiento colectivo \u2013 Privaci\u00f3n relativa<br \/>\n<em>Fake news<br \/>\n<\/em><em>Flash mob<br \/>\n<\/em>Habitar &#8211; Cuidado<br \/>\nHedonismo<br \/>\nIndividualismo<br \/>\nInteligencia artificial<br \/>\nNegacionismo<br \/>\nP\u00e1nico<br \/>\nPar\u00e1lisis<br \/>\nPoder- Relaci\u00f3n de poder<br \/>\nProceso de movilizaci\u00f3n<br \/>\nResistencia<br \/>\nResistencia \u2013 Alternativa \u2013 Revoluci\u00f3n \u2013 Autonom\u00eda \u2013 Liberaci\u00f3n -Empoderamiento<br \/>\nRumor<br \/>\nSociedad del enjambre<br \/>\nSujeto colectivo<br \/>\nTeor\u00eda de la identidad social &#8211; Endogrupo o exogrupo<br \/>\nTeor\u00eda de la tensi\u00f3n estructural &#8211; Creencias<br \/>\nV\u00ednculos<\/p>\n","protected":false},"excerpt":{"rendered":"<p>2. Procesos colectivos y acci\u00f3n social (Lo) Colectivo &#8211; Procesos colectivos (Lo) Social &#8211; Acci\u00f3n social Aislamiento Algoritmos Autoexplotaci\u00f3n Bulos Cambio o transformaci\u00f3n social Colectivo digital Comunidad(es) Conspiraci\u00f3n Contagio Enfoque del comportamiento colectivo \u2013 Privaci\u00f3n relativa Fake news Flash mob Habitar &#8211; Cuidado Hedonismo Individualismo Inteligencia artificial Negacionismo P\u00e1nico Par\u00e1lisis Poder- Relaci\u00f3n de poder Proceso [&hellip;]<\/p>\n","protected":false},"author":2,"featured_media":0,"parent":0,"menu_order":0,"comment_status":"closed","ping_status":"closed","template":"","meta":{"footnotes":""},"acf":[],"_links":{"self":[{"href":"http:\/\/processos-grupals.aula.uoc.edu\/es\/wp-json\/wp\/v2\/pages\/89"}],"collection":[{"href":"http:\/\/processos-grupals.aula.uoc.edu\/es\/wp-json\/wp\/v2\/pages"}],"about":[{"href":"http:\/\/processos-grupals.aula.uoc.edu\/es\/wp-json\/wp\/v2\/types\/page"}],"author":[{"embeddable":true,"href":"http:\/\/processos-grupals.aula.uoc.edu\/es\/wp-json\/wp\/v2\/users\/2"}],"replies":[{"embeddable":true,"href":"http:\/\/processos-grupals.aula.uoc.edu\/es\/wp-json\/wp\/v2\/comments?post=89"}],"version-history":[{"count":8,"href":"http:\/\/processos-grupals.aula.uoc.edu\/es\/wp-json\/wp\/v2\/pages\/89\/revisions"}],"predecessor-version":[{"id":480,"href":"http:\/\/processos-grupals.aula.uoc.edu\/es\/wp-json\/wp\/v2\/pages\/89\/revisions\/480"}],"wp:attachment":[{"href":"http:\/\/processos-grupals.aula.uoc.edu\/es\/wp-json\/wp\/v2\/media?parent=89"}],"curies":[{"name":"wp","href":"https:\/\/api.w.org\/{rel}","templated":true}]}}