{"id":76,"date":"2023-01-17T12:24:14","date_gmt":"2023-01-17T10:24:14","guid":{"rendered":"http:\/\/processos-grupals-aula.azurewebsites.net\/?page_id=76"},"modified":"2024-09-12T18:37:39","modified_gmt":"2024-09-12T16:37:39","slug":"2-3-2-el-enfoque-del-comportamiento-colectivo","status":"publish","type":"page","link":"http:\/\/processos-grupals.aula.uoc.edu\/es\/2-3-2-el-enfoque-del-comportamiento-colectivo\/","title":{"rendered":"2.3.2. El enfoque del comportamiento colectivo"},"content":{"rendered":"<p>El elemento que permite diferenciar este enfoque en relaci\u00f3n con la <a href=\"http:\/\/processos-grupals-aula.azurewebsites.net\/es\/2-2-el-comportamiento-colectivo\/\" target=\"_blank\" rel=\"noopener\"><strong>psicolog\u00eda de las masas<\/strong><\/a>, es que por primera vez entiende el comportamiento colectivo como una forma de acci\u00f3n <strong>no institucional<\/strong> articulada por <strong>creencias e ideolog\u00edas<\/strong>. Es decir, es la <strong>racionalidad<\/strong> la que gu\u00eda y da cuenta de esos comportamientos colectivos que emergen como respuesta a determinados <strong>d\u00e9ficits de funcionamiento de las instituciones y estructuras sociales<\/strong> que conforman y reglamentan el funcionamiento de una determinada sociedad. Las situaciones que precipitan a esos comportamientos colectivos se precipitan como <strong>roturas<\/strong> causadas por cambios estructurales que se producen, o bien en los \u00f3rganos de control social, o bien en la adecuaci\u00f3n de la integraci\u00f3n normativa. Las tensiones resultantes llevan a los individuos a participar en un determinado comportamiento colectivo. Este comportamiento colectivo no institucional exhibe un <strong>ciclo de vida<\/strong> que permite un an\u00e1lisis de las causas desde sus primeras etapas con la aparici\u00f3n de <strong>acciones colectivas espont\u00e1neas o escasamente organizadas<\/strong>, hasta sus etapas m\u00e1s maduras con la formaci\u00f3n de <strong>movimientos sociales<\/strong> y p\u00fablicos, de largo recorrido y con formas establecidas de causar impactos, modificaciones o cambios en el sistema pol\u00edtico, social o cultural.<\/p>\n<p>Dentro de este enfoque cohabitan dos perspectivas que se explican a continuaci\u00f3n.<\/p>\n<p><strong>1. La perspectiva micro<\/strong><\/p>\n<p>Es una perspectiva vinculada con el <strong>interaccionismo simb\u00f3lico, <\/strong>con las<strong> nuevas<\/strong> <strong>normas<\/strong> o la <strong>innovaci\u00f3n<\/strong> en el comportamiento colectivo. Entre los autores m\u00e1s conocidos y destacados de esta perspectiva cabe se\u00f1alar a Helbert Blumer, Ralph Turner, Lewis Killian o a Ted Gurr.<\/p>\n<p>La aportaci\u00f3n de Blumer, Turner y Killian consiste en la identificaci\u00f3n inequ\u00edvoca de las diferentes formas comportamiento colectivo. No obstante, estos tres autores no ofrec\u00edan explicaciones del <strong>porqu\u00e9 de estos<\/strong>, esto es, de las situaciones sociales que posibilitaban su surgimiento.\u00a0 Ted Gurr, en cambio, s\u00ed intent\u00f3 encontrar respuestas a ello en una obra que llevaba por t\u00edtulo <em>Why Men Rebel? <\/em>(2012): su hip\u00f3tesis era que la intensidad de las frustraciones eran el \u00abcarburante\u00bb de estos comportamientos. La obra de Gurr ha dado lugar a una serie de investigaciones conocidas como <strong>privaci\u00f3n relativa<\/strong>, donde estos son producto del <strong>descontento<\/strong> de algunas personas o grupos sociales, lo que produce una relaci\u00f3n causal entre frustraci\u00f3n y surgimiento de una respuesta. La <strong>frustraci\u00f3n<\/strong> se genera por una privaci\u00f3n relativa econ\u00f3mica o social, situaci\u00f3n de desventaja que da lugar a un conflicto pol\u00edtico. Con esta contribuci\u00f3n emerge un modelo de acci\u00f3n colectiva: <strong>la frustraci\u00f3n de expectativas genera movilizaci\u00f3n.<\/strong><\/p>\n<p>Como es obvio, el modelo de Gurr recibi\u00f3 importantes cr\u00edticas. Por un lado, muchos movimientos sociales m\u00e1s organizados no se inician por motivos econ\u00f3micos o de privaci\u00f3n relativa: los movimientos pacifistas y ecologistas, por ejemplo, no podr\u00edan explicarse por esos motivos, sino m\u00e1s bien por <strong>objetivos universalistas<\/strong>, en el sentido de que sus reivindicaciones no son mejoras para sus participantes, sino para el conjunto de la humanidad.\u00a0 Por otro lado, y centrando la atenci\u00f3n en situaciones, ahora s\u00ed, de privaci\u00f3n relativa, se constata que la conexi\u00f3n de causalidad entre frustraci\u00f3n y movimientos sufre de algunos problemas a fin de explicar por qu\u00e9 algunas frustraciones y descontentos se transforman en movimientos y otros no. <strong>Si la causa de los movimientos lo representa la frustraci\u00f3n de expectativas, \u00bfpor qu\u00e9 no desaf\u00edan al poder todos los individuos con expectativas frustradas?<\/strong> Uno de los rasgos m\u00e1s relevantes de las sociedades modernas y posmodernas es, tal y como destacan la Ciencia Social e Hist\u00f3rica, la cantidad considerable de expectativas frustradas. Entonces si la hip\u00f3tesis de Gurr fuera plausible, \u00bfd\u00f3nde est\u00e1n la cantidad de movimientos sociales que deber\u00edan existir?<\/p>\n<p><strong>2. La perspectiva macro<\/strong><\/p>\n<p>La <strong>perspectiva macro<\/strong> es la propia del <strong>estructural funcionalismo<\/strong>. La causa del surgimiento de los movimientos se encuentra en las <strong>tensiones estructurales<\/strong> que surgen dentro de una sociedad. El autor de referencia es, obviamente, Talcott Parsons. No obstante, fue Neil Smelser, en <em>Teor\u00eda del Comportamiento Colectivo <\/em>(1996), quien dio su versi\u00f3n m\u00e1s elaborada con la llamada teor\u00eda de la tensi\u00f3n estructural \u2013o teor\u00eda del valor agregado. En esta teor\u00eda se ofrecen seis condiciones indispensables para el surgimiento de los movimientos sociales. Son los siguientes:<\/p>\n<ul>\n<li><strong>Conductividad estructural<\/strong>: se produce cuando un grupo de personas problematiza aspectos de las instituciones y estructuras sociales, lo que se\u00f1ala, por tanto, que la sociedad tiene problemas. Usemos como ejemplo el acceso a la vivienda como un derecho humano universal.<\/li>\n<li><strong>Tensi\u00f3n estructural<\/strong>: las personas experimentan privaci\u00f3n. Por ejemplo, muchas personas tienen dificultades para pagar la hipoteca, el alquiler, viven de manera precaria o no tienen acceso a una vivienda.<\/li>\n<li><strong>Crecimiento y difusi\u00f3n de una soluci\u00f3n<\/strong>: se propone una soluci\u00f3n a los problemas que las personas experimentan y se extiende. Por ejemplo, algunos grupos de personas que empiezan a organizarse para reivindicar el acceso digno a una vivienda.<\/li>\n<li><strong>Factores precipitantes<\/strong>: el descontento generalmente requiere un catalizador (a menudo un evento espec\u00edfico). Siguiendo con el ejemplo, la crisis financiera global iniciada en 2008, que devino en crisis inmobiliaria, en el momento en que las entidades bancarias empiezan a ejecutar numerosos desahucios.<\/li>\n<li><strong>Movilizaci\u00f3n<\/strong>: este es el componente organizador y activo real del movimiento; la gente hace lo que hay que hacer. Es as\u00ed como, siguiendo con el ejemplo, surgen asociaciones y ONG para dar respuesta a la ciudadan\u00eda a la situaci\u00f3n de las personas que perdieron sus viviendas o no la tienen, como la Plataforma de Afectadas por la Hipoteca en Barcelona, PAH.<\/li>\n<li><strong>Falta de control social<\/strong>: la entidad que se va a cambiar debe estar al menos algo abierta al cambio; si el movimiento social es reprimido r\u00e1pida y poderosamente, puede que nunca se materialice. En este caso, la PAH ha ido consiguiendo con sus acciones impedir que muchas personas fueran desahuciadas, renegociaciones de hipotecas o alquileres sociales, as\u00ed como una presi\u00f3n continuada por un cambio en la legislaci\u00f3n sobre la vivienda.<\/li>\n<\/ul>\n<p>Es decir, desde esta perspectiva el comportamiento com\u00fan de un conjunto de personas se explica por compartir una <strong>creencia<\/strong> sobre la necesidad de un <strong>cambio social<\/strong>, el cual no se puede conseguir mediante el camino institucional formal (Milgram y Toch, 1969).\u00a0 <strong>Esta falta de posibilidad de conseguir el cambio mediante las v\u00edas institucionales es lo que produce una tensi\u00f3n estructural<\/strong> en las personas que conforman el colectivo y, por tanto, buscan otras v\u00edas de posibilitar ese cambio.\u00a0Esto conllevar\u00e1 a que un acontecimiento (que puede ser muy local e incluso aparentemente insignificante) se convierta en el elemento gatillador de la acci\u00f3n social (las personas acaben moviliz\u00e1ndose por su propia cuenta para conseguir el cambio social) y que exista una actuaci\u00f3n de los cuerpos de seguridad (para evitar o fomentar la acci\u00f3n social).<\/p>\n<div class=\"featured featured-grey\"><p>Un ejemplo donde podr\u00edamos aplicar la teor\u00eda de la tensi\u00f3n estructural, son las recientes movilizaciones sociales masivas acontecidas en Chile durante 2019 y 2020, conocidas como <a href=\"https:\/\/www.youtube.com\/watch?v=SlRb-S47qq4\" target=\"_blank\" rel=\"noopener\">estallido social<\/a>, que llevaron a proponer una nueva constituci\u00f3n durante el a\u00f1o 2022. A ra\u00edz de la subida de 30 pesos chilenos (unos 3 c\u00e9ntimos de euro) del precio del metro de la capital del pa\u00eds, primero los y las estudiantes, y posteriormente toda la sociedad, se lanzaron a la calle a manifestarse contra la precariedad del modelo neoliberal de trabajo y de las pol\u00edticas sociales (educaci\u00f3n, salud, pensiones, etc.) que han marcado al pa\u00eds durante d\u00e9cadas, con un salario m\u00ednimo interprofesional de 300 euros, aproximadamente. Uno de los lemas m\u00e1s conocidos fue el de \u00abno son 30 pesos, son 30 a\u00f1os\u00bb, el cual resume la tensi\u00f3n estructural que atravesaba al pa\u00eds, y sigue teniendo repercusiones en los d\u00edas que corren, lo que da cuenta de la complejidad del problema.<\/p>\n<figure id=\"attachment_61\" aria-describedby=\"caption-attachment-61\" style=\"width: 213px\" class=\"wp-caption aligncenter\"><img loading=\"lazy\" decoding=\"async\" class=\"size-medium wp-image-61\" src=\"\/wp-content\/uploads\/2023\/01\/PID_00292896_04-213x300.jpg\" alt=\"\" width=\"213\" height=\"300\" srcset=\"\/wp-content\/uploads\/2023\/01\/PID_00292896_04-213x300.jpg 213w, \/wp-content\/uploads\/2023\/01\/PID_00292896_04.jpg 640w\" sizes=\"(max-width: 213px) 100vw, 213px\" \/><figcaption id=\"caption-attachment-61\" class=\"wp-caption-text\">Figura 6. No son 30 pesos, son 30 a\u00f1os<br \/>Fuente: <a href=\"https:\/\/commons.wikimedia.org\/wiki\/File:No_son_30_pesos_son_30_a%C3%B1os.jpg\" target=\"_blank\" rel=\"noopener\">Wikimedia<\/a>. Licencia CC-Zero<\/figcaption><\/figure>\n<p>\n<\/div>\n<p>La aportaci\u00f3n de las dos perspectivas, esto es, del enfoque en su conjunto, ofrece aspectos interesantes, no obstante, no es capaz de explicar lo siguiente: <strong>\u00bfPor qu\u00e9 algunos de los conflictos, frustraciones de expectativas o tensiones estructurales devienen movimientos sociales y otros no? \u00bfEs el entusiasmo, la audacia y la capacidad organizativa de sus activistas lo que permite que ese conflicto se convierta en <a href=\"http:\/\/processos-grupals.aula.uoc.edu\/es\/3-1-1-introduccion\/\">movimiento social<\/a>?<\/strong><\/p>\n","protected":false},"excerpt":{"rendered":"<p>El elemento que permite diferenciar este enfoque en relaci\u00f3n con la psicolog\u00eda de las masas, es que por primera vez entiende el comportamiento colectivo como una forma de acci\u00f3n no institucional articulada por creencias e ideolog\u00edas. Es decir, es la racionalidad la que gu\u00eda y da cuenta de esos comportamientos colectivos que emergen como respuesta [&hellip;]<\/p>\n","protected":false},"author":2,"featured_media":0,"parent":0,"menu_order":0,"comment_status":"closed","ping_status":"closed","template":"","meta":{"footnotes":""},"acf":[],"_links":{"self":[{"href":"http:\/\/processos-grupals.aula.uoc.edu\/es\/wp-json\/wp\/v2\/pages\/76"}],"collection":[{"href":"http:\/\/processos-grupals.aula.uoc.edu\/es\/wp-json\/wp\/v2\/pages"}],"about":[{"href":"http:\/\/processos-grupals.aula.uoc.edu\/es\/wp-json\/wp\/v2\/types\/page"}],"author":[{"embeddable":true,"href":"http:\/\/processos-grupals.aula.uoc.edu\/es\/wp-json\/wp\/v2\/users\/2"}],"replies":[{"embeddable":true,"href":"http:\/\/processos-grupals.aula.uoc.edu\/es\/wp-json\/wp\/v2\/comments?post=76"}],"version-history":[{"count":13,"href":"http:\/\/processos-grupals.aula.uoc.edu\/es\/wp-json\/wp\/v2\/pages\/76\/revisions"}],"predecessor-version":[{"id":1399,"href":"http:\/\/processos-grupals.aula.uoc.edu\/es\/wp-json\/wp\/v2\/pages\/76\/revisions\/1399"}],"wp:attachment":[{"href":"http:\/\/processos-grupals.aula.uoc.edu\/es\/wp-json\/wp\/v2\/media?parent=76"}],"curies":[{"name":"wp","href":"https:\/\/api.w.org\/{rel}","templated":true}]}}