{"id":72,"date":"2023-01-17T12:20:09","date_gmt":"2023-01-17T10:20:09","guid":{"rendered":"http:\/\/processos-grupals-aula.azurewebsites.net\/?page_id=72"},"modified":"2023-03-02T18:05:46","modified_gmt":"2023-03-02T16:05:46","slug":"2-2-el-comportamiento-colectivo","status":"publish","type":"page","link":"http:\/\/processos-grupals.aula.uoc.edu\/es\/2-2-el-comportamiento-colectivo\/","title":{"rendered":"2.2. El comportamiento colectivo"},"content":{"rendered":"<p><strong>\u00bfQu\u00e9 es lo colectivo, por tanto?<\/strong> De lo anterior, podemos inferir que no existe una \u00fanica noci\u00f3n sobre el comportamiento colectivo. Es m\u00e1s, la aproximaci\u00f3n al comportamiento colectivo no solamente depende de la visi\u00f3n en la que nos posicionemos, sino que, adem\u00e1s, los diferentes acontecimientos sociales cuestionan, complementan y ampl\u00edan este concepto. Es f\u00e1cil entender que internet y las redes sociales han redefinido el comportamiento colectivo respecto a los a\u00f1os sesenta o setenta del siglo pasado. Es por esto que a continuaci\u00f3n ofreceremos diferentes definiciones sobre el comportamiento colectivo que nos servir\u00e1n para aprehender un primer panorama general sobre el concepto.<\/p>\n<div class=\"featured featured-grey\"><p>En el siguiente apartado recogemos algunas teor\u00edas y conceptos que explican el comportamiento colectivo, donde te invitamos a reflexionar sobre qu\u00e9 definici\u00f3n subyace en cada una de ellas, as\u00ed como qu\u00e9 visi\u00f3n de lo social las sustenta.<\/p>\n<\/div>\n<ul>\n<li>Etimol\u00f3gicamente, un colectivo es un nombre que representa a una colecci\u00f3n, a <strong>una multiplicidad de elementos que constituyen un grupo caracterizado por un rasgo com\u00fan<\/strong> (EtimologiasdeChile, 2022). El comportamiento colectivo ser\u00edan las acciones que los elementos de ese grupo -que comparten al menos un rasgo com\u00fan- llevan a cabo.<\/li>\n<li>De forma general, Neil Smelser (1995, p. 15), define el comportamiento colectivo como <strong>el comportamiento de dos o m\u00e1s individuos que act\u00faan juntos<\/strong>. M\u00e1s adelante, en su obra, matizar\u00e1 esta definici\u00f3n para entender el comportamiento colectivo como <strong>una movilizaci\u00f3n basada en una creencia que redefine la acci\u00f3n social <\/strong>(Smelser, 1995, p. 20).<\/li>\n<li>Richard Appelbaum y William Chambliss (1997, p. 422) definen el comportamiento colectivo como <strong>una acci\u00f3n voluntaria, dirigida a una meta<\/strong>, que se produce en una situaci\u00f3n relativamente desorganizada en la que <strong>las normas y valores predominantes de la sociedad dejan de actuar sobre la conducta individual.<\/strong><\/li>\n<li>Para Jank Johnston (2014), son fuerzas centrales para el <strong>cambio social<\/strong>, cuya caracter\u00edstica principal es que cada colectivo es \u00fanico, pues son guiados estrat\u00e9gicamente por las personas que participan de \u00e9l.<\/li>\n<li>Para Deborah Gordon (2019), el comportamiento colectivo no es algo exclusivamente humano, y se entiende como <strong>el resultado de las interacciones<\/strong> entre los individuos de un conjunto, en relaci\u00f3n con <strong>un ambiente din\u00e1mico<\/strong> que les influye y permea.<\/li>\n<\/ul>\n<p>\u00bfQu\u00e9 podemos inferir sobre el comportamiento colectivo en base a estas definiciones? <strong>El comportamiento colectivo ser\u00edan las acciones y modos de hacer que, durante un espacio de tiempo determinado, llevan a cabo diferentes personas vinculadas por uno o unos elementos que les hacen actuar de aquella manera concreta y no de otras formas posibles<\/strong>. En este sentido, no podr\u00edamos denominar comportamiento colectivo a una acci\u00f3n realizada por un conjunto de personas por una caracter\u00edstica casual com\u00fan a todas ellas. En concreto, el comportamiento colectivo:<\/p>\n<ol>\n<li>Tiene que ver con las acciones de diferentes personas, <strong>vinculadas por alguna caracter\u00edstica compartida que les hace actuar en conjunto, cooperar, coordinarse, colaborar o aliarse<\/strong>. Por ejemplo, un acontecimiento social, la existencia de afinidades culturales, una comprensi\u00f3n com\u00fan sobre el modo de entender un fen\u00f3meno, una historia o trayectoria compartida, etc.<\/li>\n<li>En segundo lugar, el comportamiento colectivo <strong>no depende de un n\u00famero concreto de personas<\/strong>: como hemos visto, dos personas son suficientes para llevar a cabo un comportamiento colectivo, pero tambi\u00e9n puede darse en el conjunto de miles de personas que se manifiestan en la calle.<\/li>\n<li>En tercer lugar, el acontecimiento que vincula a las diferentes personas <strong>puede ser espont\u00e1neo<\/strong> (como el caso ejemplificado en el ser testigos de una agresi\u00f3n transf\u00f3bica), pero tambi\u00e9n <strong>puede ser planificado o previsto<\/strong> (como en el caso de un <em>flash-mob<\/em> organizado por una compa\u00f1\u00eda en Hamburgo, Alemania). Adem\u00e1s, recientemente se presta m\u00e1s atenci\u00f3n al papel que elementos no humanos (animales, el medio u objetos como un <a href=\"https:\/\/www.youtube.com\/watch?v=Wi3zjLcH4gQ\" target=\"_blank\" rel=\"noopener\">tel\u00e9fono m\u00f3vil<\/a>) juegan en el comportamiento colectivo.<br \/>\n<iframe loading=\"lazy\" title=\"Hamburg Singt - Gr\u00f6\u00dfter Flashmob Deutschlands (Official)\" width=\"640\" height=\"360\" src=\"https:\/\/www.youtube.com\/embed\/4WILvbFxKh8?feature=oembed\" frameborder=\"0\" allow=\"accelerometer; autoplay; clipboard-write; encrypted-media; gyroscope; picture-in-picture; web-share\" allowfullscreen><\/iframe>\n<\/li>\n<li>Finalmente, y por todo lo anterior, el comportamiento colectivo se posiciona en la visi\u00f3n de la Psicolog\u00eda Social, en la que \u00ab<strong>el todo es algo m\u00e1s que la suma de las partes\u00bb,<\/strong> ya que es imposible reducirlo a las cogniciones individuales y aisladas, pues, en caso contrario, <strong>desatender\u00edamos a los elementos que precisamente vinculan a las personas en pro de actuar y comportarse de una manera com\u00fan<\/strong>: los significados, las interpretaciones y los discursos que construyen entre ellas; la existencia de un marco cultural compartido, las vivencias personales comunes, unos acontecimientos hist\u00f3ricos, pol\u00edticos y econ\u00f3micos particulares, etc.<\/li>\n<\/ol>\n<p>Podemos concluir este primer apartado afirmando que el concepto de lo colectivo, as\u00ed como el de la acci\u00f3n social, han sido ampliamente estudiados desde hace m\u00e1s de cien a\u00f1os desde diferentes perspectivas, disciplinas y visiones, las cuales ofrecen sus propias clasificaciones y explicaciones sobre lo colectivo. Cada una de ellas trata de dar respuesta a por qu\u00e9 las personas, cuando actuamos en conjunto, hacemos lo que hacemos y por qu\u00e9 lo hacemos: <strong>qu\u00e9 elementos detonan ese comportamiento y cu\u00e1les son los elementos comunes a esos individuos<\/strong>.<\/p>\n<p>Y este asunto es un elemento de gran inter\u00e9s para la Psicolog\u00eda Social, pues <strong>el comportamiento colectivo, frecuentemente, es la base y el motor bajo los cambios y las transformaciones sociales m\u00e1s importantes<\/strong> para un territorio, o incluso a nivel global.<\/p>\n","protected":false},"excerpt":{"rendered":"<p>\u00bfQu\u00e9 es lo colectivo, por tanto? De lo anterior, podemos inferir que no existe una \u00fanica noci\u00f3n sobre el comportamiento colectivo. Es m\u00e1s, la aproximaci\u00f3n al comportamiento colectivo no solamente depende de la visi\u00f3n en la que nos posicionemos, sino que, adem\u00e1s, los diferentes acontecimientos sociales cuestionan, complementan y ampl\u00edan este concepto. Es f\u00e1cil entender [&hellip;]<\/p>\n","protected":false},"author":2,"featured_media":0,"parent":0,"menu_order":0,"comment_status":"closed","ping_status":"closed","template":"","meta":{"footnotes":""},"acf":[],"_links":{"self":[{"href":"http:\/\/processos-grupals.aula.uoc.edu\/es\/wp-json\/wp\/v2\/pages\/72"}],"collection":[{"href":"http:\/\/processos-grupals.aula.uoc.edu\/es\/wp-json\/wp\/v2\/pages"}],"about":[{"href":"http:\/\/processos-grupals.aula.uoc.edu\/es\/wp-json\/wp\/v2\/types\/page"}],"author":[{"embeddable":true,"href":"http:\/\/processos-grupals.aula.uoc.edu\/es\/wp-json\/wp\/v2\/users\/2"}],"replies":[{"embeddable":true,"href":"http:\/\/processos-grupals.aula.uoc.edu\/es\/wp-json\/wp\/v2\/comments?post=72"}],"version-history":[{"count":7,"href":"http:\/\/processos-grupals.aula.uoc.edu\/es\/wp-json\/wp\/v2\/pages\/72\/revisions"}],"predecessor-version":[{"id":1001,"href":"http:\/\/processos-grupals.aula.uoc.edu\/es\/wp-json\/wp\/v2\/pages\/72\/revisions\/1001"}],"wp:attachment":[{"href":"http:\/\/processos-grupals.aula.uoc.edu\/es\/wp-json\/wp\/v2\/media?parent=72"}],"curies":[{"name":"wp","href":"https:\/\/api.w.org\/{rel}","templated":true}]}}