{"id":66,"date":"2023-01-17T12:16:56","date_gmt":"2023-01-17T10:16:56","guid":{"rendered":"http:\/\/processos-grupals-aula.azurewebsites.net\/?page_id=66"},"modified":"2024-09-12T18:32:43","modified_gmt":"2024-09-12T16:32:43","slug":"apartado-1-conceptos-clave","status":"publish","type":"page","link":"http:\/\/processos-grupals.aula.uoc.edu\/es\/apartado-1-conceptos-clave\/","title":{"rendered":"Conceptos clave"},"content":{"rendered":"<p><strong>1. Los grupos: sus formas y sus din\u00e1micas sociales<\/strong><\/p>\n<p>Acci\u00f3n colectiva<br \/>\nAfectividad<br \/>\nApoyo mutuo<br \/>\nAsamblea<br \/>\nClan<br \/>\nColectivo<br \/>\nConflicto<br \/>\nConsenso<br \/>\nContagio<br \/>\nConversi\u00f3n<br \/>\nCooperativa<br \/>\nCorporalidad<br \/>\nCorporalidad relacional<br \/>\nEfectividad grupal<br \/>\nEmocionalidad motivadora<br \/>\nEmpoderamiento<br \/>\nEstilos de comportamiento<br \/>\nFacilitaci\u00f3n (no violenta)<br \/>\nGrupo<br \/>\nGrupo inteligente<br \/>\nHacktivismo &#8211; <em>Hackers<br \/>\n<\/em>Identidad<br \/>\nImitaci\u00f3n<br \/>\nIndividuo<br \/>\nInfluencia social (minoritaria) &#8211; <em>Influencers<\/em><br \/>\nInteligencia colectiva<br \/>\nInteracci\u00f3n(es)<br \/>\nInvenci\u00f3n<br \/>\nL\u00edder<br \/>\nMafia<br \/>\nMasa(s) &#8211; Teor\u00edas de las masas<br \/>\nMinor\u00edas &#8211; Minor\u00edas activas<br \/>\nMinor\u00edas activas<br \/>\nMuchedumbre<br \/>\nMultitud(es) &#8211; Era de las multitudes<br \/>\nOpini\u00f3n p\u00fablica<br \/>\nPandilla<br \/>\nP\u00fablico(s)<br \/>\nResistencia<br \/>\nRoles (en un grupo)<br \/>\nSindicatos<br \/>\nSociabilidad<br \/>\nSubjetividad<br \/>\nTeor\u00eda del Actor &#8211; Red<br \/>\nVanguardias &#8211; Artistas urbanos<br \/>\nV\u00ednculos sociales<\/p>\n","protected":false},"excerpt":{"rendered":"<p>1. Los grupos: sus formas y sus din\u00e1micas sociales Acci\u00f3n colectiva Afectividad Apoyo mutuo Asamblea Clan Colectivo Conflicto Consenso Contagio Conversi\u00f3n Cooperativa Corporalidad Corporalidad relacional Efectividad grupal Emocionalidad motivadora Empoderamiento Estilos de comportamiento Facilitaci\u00f3n (no violenta) Grupo Grupo inteligente Hacktivismo &#8211; Hackers Identidad Imitaci\u00f3n Individuo Influencia social (minoritaria) &#8211; Influencers Inteligencia colectiva Interacci\u00f3n(es) Invenci\u00f3n L\u00edder [&hellip;]<\/p>\n","protected":false},"author":2,"featured_media":0,"parent":0,"menu_order":0,"comment_status":"closed","ping_status":"closed","template":"","meta":{"footnotes":""},"acf":[],"_links":{"self":[{"href":"http:\/\/processos-grupals.aula.uoc.edu\/es\/wp-json\/wp\/v2\/pages\/66"}],"collection":[{"href":"http:\/\/processos-grupals.aula.uoc.edu\/es\/wp-json\/wp\/v2\/pages"}],"about":[{"href":"http:\/\/processos-grupals.aula.uoc.edu\/es\/wp-json\/wp\/v2\/types\/page"}],"author":[{"embeddable":true,"href":"http:\/\/processos-grupals.aula.uoc.edu\/es\/wp-json\/wp\/v2\/users\/2"}],"replies":[{"embeddable":true,"href":"http:\/\/processos-grupals.aula.uoc.edu\/es\/wp-json\/wp\/v2\/comments?post=66"}],"version-history":[{"count":7,"href":"http:\/\/processos-grupals.aula.uoc.edu\/es\/wp-json\/wp\/v2\/pages\/66\/revisions"}],"predecessor-version":[{"id":1395,"href":"http:\/\/processos-grupals.aula.uoc.edu\/es\/wp-json\/wp\/v2\/pages\/66\/revisions\/1395"}],"wp:attachment":[{"href":"http:\/\/processos-grupals.aula.uoc.edu\/es\/wp-json\/wp\/v2\/media?parent=66"}],"curies":[{"name":"wp","href":"https:\/\/api.w.org\/{rel}","templated":true}]}}