{"id":37,"date":"2023-01-17T11:57:12","date_gmt":"2023-01-17T09:57:12","guid":{"rendered":"http:\/\/processos-grupals-aula.azurewebsites.net\/?page_id=37"},"modified":"2023-02-28T12:40:30","modified_gmt":"2023-02-28T10:40:30","slug":"1-1-2-grupos-equipos-e-instituciones-de-la-forma-a-las-dinamicas","status":"publish","type":"page","link":"http:\/\/processos-grupals.aula.uoc.edu\/es\/1-1-2-grupos-equipos-e-instituciones-de-la-forma-a-las-dinamicas\/","title":{"rendered":"1.1.2. Grupos, equipos e instituciones: de la forma a las din\u00e1micas"},"content":{"rendered":"<ul>\n<li><strong>Grupos<\/strong>. De manera esquem\u00e1tica podemos definir a un grupo como la reuni\u00f3n de individuos que de manera natural se vinculan mediante alguna se\u00f1a de <strong>identidad<\/strong>. Como ya hemos mencionado antes, todo el mundo formamos parte de alguno de ellos en alg\u00fan momento de nuestra vida diaria.<\/li>\n<li><strong>Equipos<\/strong>. De manera directa, un equipo es un grupo que, adem\u00e1s de la definici\u00f3n de un rasgo de identidad, descubre o construye una <strong>tarea conjunta<\/strong>. Para afirmar la identidad grupal por razones de origen, se puede convertir en un equipo que d\u00e9 a conocer el folclor y las tradiciones de una regi\u00f3n concreta del planeta, o su gastronom\u00eda, sus bailes tradicionales y actuar en sinton\u00eda con esos prop\u00f3sitos. Por ejemplo, un ballet folcl\u00f3rico o una orquesta de m\u00fasica tradicional. As\u00ed, el equipo es una entidad psicosocial m\u00e1s compleja que la simple y escueta definici\u00f3n que dan desde el \u00e1mbito laboral como una colectividad que tiene una tarea que hay que cumplir. Los equipos tienen mayor complejidad y sutileza y no pueden reducirse a una simple agrupaci\u00f3n instrumental o por una tarea. Subrayar esta diferencia es parte de la estrategia que buscamos para desmontar los dispositivos de control social que la psicolog\u00eda social de la acci\u00f3n colectiva mantiene como uno de sus principios.<\/li>\n<li><strong>Instituciones<\/strong>. Al comprender que todo mundo forma parte de grupos y que en determinados momentos y coyunturas sociales nos incorporamos como parte de equipos, nos lleva a escudri\u00f1ar de manera m\u00e1s sencilla el <a href=\"http:\/\/processos-grupals.aula.uoc.edu\/es\/4-1-introduccion\/\" rel=\"noopener\"><strong>proceso de institucionalizaci\u00f3n<\/strong><\/a> que ocurre como parte de la solidificaci\u00f3n de las estructuras de v\u00ednculo humano, de la rutina. En resumen, la paulatina consolidaci\u00f3n como una burocracia que opera como camisa de fuerza que deja de tener flexibilidad identitaria y social y nos envuelve en una tela de ara\u00f1a que no nos permite escapar f\u00e1cilmente: las <strong>instituciones<\/strong> son las calcificaciones de todos los grupos y movimientos sociales que surgen de manera incipiente.<\/li>\n<\/ul>\n<p>En este sentido, lo que este material analiza en estas p\u00e1ginas es el proceso hist\u00f3rico que las ciencias sociales y humanas han estudiado para comprender la conformaci\u00f3n de la sociedad contempor\u00e1nea. Esto es, la <strong>era de las multitudes<\/strong> con sus dos grandes actores, las <strong>masas<\/strong> y los <strong>p\u00fablicos<\/strong>; pero tambi\u00e9n c\u00f3mo han surgido de esa morfolog\u00eda social los distintos colectivos que parten de las <strong>minor\u00edas activas<\/strong> (en el sentido que plantea Serge Moscovici y que veremos en su momento), hasta las minor\u00edas o grupos que podemos enmarcar en formas particulares: por clase social, por control del territorio, por reivindicaciones art\u00edsticas o, en pleno siglo <span class=\"roman\">XXI<\/span>, por la emergencia de internet, las redes sociales y los fen\u00f3menos de comunicaci\u00f3n colectiva y de interacci\u00f3n que dibujan nuestro tiempo.<\/p>\n<div class=\"featured featured-grey\"><p>El documental <em>El dilema de las redes sociales <\/em>(Jeff Orlowski, 2020) muestra lo que consideran el \u00ablado oscuro\u00bb de estas redes a partir del testimonio de diferentes profesionales que trabajaron en el dise\u00f1o de estas herramientas. El an\u00e1lisis plantea los cambios sociales negativos generados por estas plataformas, gracias a su capacidad de manipular emocionalmente a las personas usuarias. \u00bfQu\u00e9 marco interpretativo de los que se desarrollan en la siguiente secci\u00f3n crees que encaja mejor para explicar este tipo de an\u00e1lisis sobre las redes sociales: control de las masas, creaci\u00f3n de p\u00fablicos o minor\u00edas activas?<\/p>\n<\/div>\n<p>A cada forma grupal que analicemos, le trazaremos las coordenadas de su peculiar din\u00e1mica grupal. La idea central de nuestra apuesta es confeccionar un mapa de diferentes formas de la acci\u00f3n colectiva y las maneras de dinamizar su tarea. El objetivo principal es que podamos analizar de manera m\u00e1s certera los procesos grupales y la acci\u00f3n colectiva y ofrecer alternativas novedosas como agentes relevantes en el campo psicosocial.<\/p>\n","protected":false},"excerpt":{"rendered":"<p>Grupos. De manera esquem\u00e1tica podemos definir a un grupo como la reuni\u00f3n de individuos que de manera natural se vinculan mediante alguna se\u00f1a de identidad. Como ya hemos mencionado antes, todo el mundo formamos parte de alguno de ellos en alg\u00fan momento de nuestra vida diaria. Equipos. De manera directa, un equipo es un grupo [&hellip;]<\/p>\n","protected":false},"author":2,"featured_media":0,"parent":0,"menu_order":0,"comment_status":"closed","ping_status":"closed","template":"","meta":{"footnotes":""},"acf":[],"_links":{"self":[{"href":"http:\/\/processos-grupals.aula.uoc.edu\/es\/wp-json\/wp\/v2\/pages\/37"}],"collection":[{"href":"http:\/\/processos-grupals.aula.uoc.edu\/es\/wp-json\/wp\/v2\/pages"}],"about":[{"href":"http:\/\/processos-grupals.aula.uoc.edu\/es\/wp-json\/wp\/v2\/types\/page"}],"author":[{"embeddable":true,"href":"http:\/\/processos-grupals.aula.uoc.edu\/es\/wp-json\/wp\/v2\/users\/2"}],"replies":[{"embeddable":true,"href":"http:\/\/processos-grupals.aula.uoc.edu\/es\/wp-json\/wp\/v2\/comments?post=37"}],"version-history":[{"count":9,"href":"http:\/\/processos-grupals.aula.uoc.edu\/es\/wp-json\/wp\/v2\/pages\/37\/revisions"}],"predecessor-version":[{"id":918,"href":"http:\/\/processos-grupals.aula.uoc.edu\/es\/wp-json\/wp\/v2\/pages\/37\/revisions\/918"}],"wp:attachment":[{"href":"http:\/\/processos-grupals.aula.uoc.edu\/es\/wp-json\/wp\/v2\/media?parent=37"}],"curies":[{"name":"wp","href":"https:\/\/api.w.org\/{rel}","templated":true}]}}