{"id":148,"date":"2023-01-17T13:17:00","date_gmt":"2023-01-17T11:17:00","guid":{"rendered":"http:\/\/processos-grupals-aula.azurewebsites.net\/?page_id=148"},"modified":"2023-02-16T17:03:27","modified_gmt":"2023-02-16T15:03:27","slug":"apartado-4-conceptos-clave","status":"publish","type":"page","link":"http:\/\/processos-grupals.aula.uoc.edu\/es\/apartado-4-conceptos-clave\/","title":{"rendered":"Conceptos clave"},"content":{"rendered":"<p><strong>4. Trazando el camino hacia la institucionalizaci\u00f3n de los movimientos sociales<\/strong><\/p>\n<p>Burocratizaci\u00f3n<br \/>\nClientelismo<br \/>\nContexto de oportunidad pol\u00edtica<br \/>\nCooptaci\u00f3n<br \/>\nCultura estatalista<br \/>\nDependencia financiera<br \/>\nDesgaste y desmovilizaci\u00f3n<br \/>\nDesresponsabilizaci\u00f3n institucional<br \/>\nEncapsulaci\u00f3n<br \/>\nEstructura en forma de red<br \/>\nFormalizaci\u00f3n<br \/>\nFusi\u00f3n<br \/>\nInstitucionalizaci\u00f3n<br \/>\nInvisibilizaci\u00f3n<br \/>\nModelos revolucionarios &#8211; Modelos reformistas<br \/>\nNueva pol\u00edtica<br \/>\nP\u00e9rdida car\u00e1cter revolucionario<br \/>\nP\u00e9rdida de autonom\u00eda<br \/>\nPluralidad u homogeneizaci\u00f3n<br \/>\nPrestaci\u00f3n de servicios<br \/>\nProfesionalizaci\u00f3n<\/p>\n","protected":false},"excerpt":{"rendered":"<p>4. Trazando el camino hacia la institucionalizaci\u00f3n de los movimientos sociales Burocratizaci\u00f3n Clientelismo Contexto de oportunidad pol\u00edtica Cooptaci\u00f3n Cultura estatalista Dependencia financiera Desgaste y desmovilizaci\u00f3n Desresponsabilizaci\u00f3n institucional Encapsulaci\u00f3n Estructura en forma de red Formalizaci\u00f3n Fusi\u00f3n Institucionalizaci\u00f3n Invisibilizaci\u00f3n Modelos revolucionarios &#8211; Modelos reformistas Nueva pol\u00edtica P\u00e9rdida car\u00e1cter revolucionario P\u00e9rdida de autonom\u00eda Pluralidad u homogeneizaci\u00f3n Prestaci\u00f3n de [&hellip;]<\/p>\n","protected":false},"author":2,"featured_media":0,"parent":0,"menu_order":0,"comment_status":"closed","ping_status":"closed","template":"","meta":{"footnotes":""},"acf":[],"_links":{"self":[{"href":"http:\/\/processos-grupals.aula.uoc.edu\/es\/wp-json\/wp\/v2\/pages\/148"}],"collection":[{"href":"http:\/\/processos-grupals.aula.uoc.edu\/es\/wp-json\/wp\/v2\/pages"}],"about":[{"href":"http:\/\/processos-grupals.aula.uoc.edu\/es\/wp-json\/wp\/v2\/types\/page"}],"author":[{"embeddable":true,"href":"http:\/\/processos-grupals.aula.uoc.edu\/es\/wp-json\/wp\/v2\/users\/2"}],"replies":[{"embeddable":true,"href":"http:\/\/processos-grupals.aula.uoc.edu\/es\/wp-json\/wp\/v2\/comments?post=148"}],"version-history":[{"count":6,"href":"http:\/\/processos-grupals.aula.uoc.edu\/es\/wp-json\/wp\/v2\/pages\/148\/revisions"}],"predecessor-version":[{"id":485,"href":"http:\/\/processos-grupals.aula.uoc.edu\/es\/wp-json\/wp\/v2\/pages\/148\/revisions\/485"}],"wp:attachment":[{"href":"http:\/\/processos-grupals.aula.uoc.edu\/es\/wp-json\/wp\/v2\/media?parent=148"}],"curies":[{"name":"wp","href":"https:\/\/api.w.org\/{rel}","templated":true}]}}