{"id":146,"date":"2023-01-17T13:14:47","date_gmt":"2023-01-17T11:14:47","guid":{"rendered":"http:\/\/processos-grupals-aula.azurewebsites.net\/?page_id=146"},"modified":"2024-09-13T18:19:08","modified_gmt":"2024-09-13T16:19:08","slug":"4-4-institucionalizacion-exito-o-fracaso","status":"publish","type":"page","link":"http:\/\/processos-grupals.aula.uoc.edu\/es\/4-4-institucionalizacion-exito-o-fracaso\/","title":{"rendered":"4.4. Institucionalizaci\u00f3n: \u00bf\u00e9xito o fracaso?"},"content":{"rendered":"<p>La valoraci\u00f3n del \u00e9xito o fracaso de un movimiento social depender\u00e1 del posicionamiento ideol\u00f3gico y de los objetivos que dicho movimiento haya priorizado. Habr\u00e1 para quienes la institucionalizaci\u00f3n junto con la posible desaparici\u00f3n del movimiento social sea considerada un \u00e9xito, ya que esto implicar\u00e1 que las demandas han sido apropiadas por el sistema legal institucional. Ser\u00eda el caso de lo que se conoce como <strong>estatalizaci\u00f3n<\/strong>:<\/p>\n<blockquote><p>\u00abel proceso por el cual el \u00e1mbito estatal asume el control de una determinada problem\u00e1tica social implementando pol\u00edticas p\u00fablicas, creando organismos espec\u00edficos y estableciendo cauces institucionales para gestionar el conflicto\u00bb.<\/p><\/blockquote>\n<p><div class=\"blockquote-author\"><p>Coll-Planas y Cruells (2008, p. 268)<\/p>\n<\/div><br \/>\nEs decir, ser\u00eda esa fase en que no solo las demandas sociales se han incorporado en la agenda pol\u00edtica, sino que la administraci\u00f3n p\u00fablica se transforma para hacer suyas unas reivindicaciones iniciadas por un movimiento social. Un claro ejemplo ser\u00eda la creaci\u00f3n de Consejer\u00edas y Ministerios de Medio Ambiente, tratando de dar respuesta a las demandas del movimiento ecologista, o los de Igualdad, producto de las reivindicaciones del movimiento feminista. Este proceso se interpreta como un espacio de oportunidad (Buechler, 2016) que considera que la relaci\u00f3n y negociaci\u00f3n con las instituciones pol\u00edticas las demandas pueden ser traducidas en cambios y el conflicto, en \u00abpol\u00edtica\u00bb, asegurando que las cuestiones que prioriza el movimiento no se desvanezcan.<\/p>\n<p>Pero, muy a menudo, la relaci\u00f3n con el \u00e1mbito institucional es, cuando menos, de sospecha. Muchos movimientos sociales han mostrado tradicionalmente desconfianza hacia los partidos pol\u00edticos (Ibarra y Berganti\u00f1os, 2008), porque entre otras cosas, en la absorci\u00f3n de sus demandas por parte de los gobiernos, no siempre se reconoce ni se da legitimidad a la procedencia de estas demandas e invisibiliza la movilizaci\u00f3n que precede a su estatalizaci\u00f3n. Es por esto que, sin renunciar a la transformaci\u00f3n institucional, algunos movimientos han apostado por la <strong>creaci\u00f3n de nuevos espacios pol\u00edticos<\/strong> en los que los movimientos sociales puedan actuar sin perder la capacidad de autonom\u00eda: sin institucionalizarse ni convertirse en partidos pol\u00edticos o grupos de inter\u00e9s. Pero en otros casos se ha apostado por crear <strong>partidos de la nueva pol\u00edtica<\/strong> que se caracterizan por su horizontalidad y bidireccionalidad en la toma de decisiones, y son \u00abaltamente receptivos a las demandas de los movimientos sociales\u00bb (Casquete, 1998, p. 212). Estos partidos, algunos de nueva creaci\u00f3n y otros ya existentes, tratan de hacer visibles las demandas de los movimientos sociales y destacan por defender la igualdad de derechos sociales, por tener una estructura organizativa poco formalizada y burocratizada, disponer de una democracia directa y de autonom\u00eda y contar con participantes j\u00f3venes, de clase media, con un cierto nivel cultural y preocupados por los valores posmaterialistas.<\/p>\n<p>La consideraci\u00f3n de una <strong>nueva pol\u00edtica<\/strong> trata de borrar la imagen autoritaria con la que tradicionalmente se habr\u00eda asociado el marco institucional. Sin embargo, muchos movimientos sociales siguen siendo reacios a participar de estas estrategias de institucionalizaci\u00f3n, por ejemplo:<\/p>\n<ul>\n<li><strong>La p\u00e9rdida del car\u00e1cter revolucionario<\/strong> o la moderaci\u00f3n de la militancia. Esto suele conllevar un descenso en el n\u00famero de manifestaciones o de reuniones con representantes pol\u00edticos. No obstante, no siempre podemos analizar la supuesta moderaci\u00f3n de las acciones sin tener en cuenta el contexto pol\u00edtico: las manifestaciones pueden ser m\u00e1s o menos conservadoras o radicales y las reuniones m\u00e1s o menos distendidas o confrontativas (Coll-Planas y Cruells, 2017).<\/li>\n<\/ul>\n<div class=\"featured featured-grey\"><p>Un ejemplo de que no todas las manifestaciones son igual de conservadoras o radicales queda patente con la celebraci\u00f3n del 28 de junio en la ciudad de Barcelona. Este d\u00eda se celebr\u00f3 por primera vez en 1977 con una manifestaci\u00f3n de car\u00e1cter pol\u00edtico y reivindicativo que, poco a poco, ha sido absorbida por el \u00abPride\u00bb, un acto l\u00fadico-festivo de car\u00e1cter comercial que atrae al turismo, lo que puede indicar el efecto desmovilizador de la institucionalizaci\u00f3n de los derechos LGTBI (Sadurn\u00ed y Pujol, 2015).<\/p>\n<\/div>\n<ul>\n<li><strong>El desgaste y desmovilizaci\u00f3n de la militancia<\/strong>. El exceso de actividad pol\u00edtica, de b\u00fasqueda de alianzas y negociaciones con partidos pol\u00edticos y sindicatos, genera un abandono de la militancia m\u00e1s social y una p\u00e9rdida de activistas por procesos de cooptaci\u00f3n.<\/li>\n<li><strong>La desaparici\u00f3n del movimiento social<\/strong>. Esto es mucho m\u00e1s probable en los <a href=\"http:\/\/processos-grupals.aula.uoc.edu\/es\/3-1-3-tipologia-de-movimientos\/\" rel=\"noopener\"><strong>movimientos espec\u00edficos<\/strong><\/a>, que pierden su raz\u00f3n de ser una vez se han conseguido los objetivos planteados. Por ejemplo, el movimiento sufragista desapareci\u00f3 una vez consiguieron que se reconociese el derecho de voto a las mujeres. En cambio, los <strong>movimientos m\u00e1s generalistas<\/strong> son capaces de arrancar nuevas campa\u00f1as y reivindicaciones cuando consiguen los objetivos de la campa\u00f1a anterior, de manera que renuevan y reorientan la movilizaci\u00f3n.<\/li>\n<\/ul>\n<div class=\"featured featured-grey\"><p>Este podr\u00eda ser el caso del movimiento LGBTI, que lleva m\u00e1s de cuarenta a\u00f1os luchando por los derechos y las libertades del colectivo (Rodr\u00edguez y Pujol, 2008) y que, hoy en d\u00eda, ha conseguido cierto reconocimiento legal y social. En este movimiento, aunque se han producido momentos de desmovilizaci\u00f3n, este se ha ido reorientando hacia la b\u00fasqueda de nuevos objetivos.<\/p>\n<\/div>\n<p>Pero la desaparici\u00f3n de un movimiento puede ser tambi\u00e9n producto de un fracaso a nivel interno, cuando se producen <strong>errores en el \u00e1mbito organizativo o estrat\u00e9gico<\/strong>. Podr\u00eda ser el caso de procesos de <strong>encapsulaci\u00f3n<\/strong>: el aislamiento o separaci\u00f3n de algunas organizaciones del movimiento por falta de simpat\u00eda con el sector dominante de la movilizaci\u00f3n. Esto, a su vez, puede acabar generando procesos confrontaci\u00f3n interna por la lucha de la hegemon\u00eda ideol\u00f3gica entre las diferentes posturas, lo que debilitar\u00eda la eficacia del movimiento.<div class=\"featured featured-grey\"><p>En este caso, la desaparici\u00f3n de colectivos, como por ejemplo la coordinadora gay-lesbiana, en relaci\u00f3n al movimiento LGBTI, por falta de financiamiento p\u00fablico, muestra su falta de capacidad estrat\u00e9gica para reorientar la movilizaci\u00f3n en b\u00fasqueda de nuevos medios de financiaci\u00f3n.\u00a0<\/p>\n<\/div><\/p>\n<ul>\n<li>Finalmente, la <strong>fusi\u00f3n<\/strong> es otra de las v\u00edas de desgaste y posible desaparici\u00f3n de un movimiento. Se produce cuando los objetivos y la ideolog\u00eda de un movimiento es acogido por una corriente dominante, de manera que la movilizaci\u00f3n se vuelve prescindible.<\/li>\n<\/ul>\n<div class=\"featured featured-grey\"><p>En cuanto al movimiento LGBTI, han convivido diversas l\u00edneas ideol\u00f3gicas, contrapuestas entre s\u00ed, y la dominante es aquella que vela por la identificaci\u00f3n, la igualdad de derechos y la integraci\u00f3n del colectivo LGBTI+ en el modelo hegem\u00f3nico. <\/p>\n<\/div>\n","protected":false},"excerpt":{"rendered":"<p>La valoraci\u00f3n del \u00e9xito o fracaso de un movimiento social depender\u00e1 del posicionamiento ideol\u00f3gico y de los objetivos que dicho movimiento haya priorizado. Habr\u00e1 para quienes la institucionalizaci\u00f3n junto con la posible desaparici\u00f3n del movimiento social sea considerada un \u00e9xito, ya que esto implicar\u00e1 que las demandas han sido apropiadas por el sistema legal institucional. [&hellip;]<\/p>\n","protected":false},"author":2,"featured_media":0,"parent":0,"menu_order":0,"comment_status":"closed","ping_status":"closed","template":"","meta":{"footnotes":""},"acf":[],"_links":{"self":[{"href":"http:\/\/processos-grupals.aula.uoc.edu\/es\/wp-json\/wp\/v2\/pages\/146"}],"collection":[{"href":"http:\/\/processos-grupals.aula.uoc.edu\/es\/wp-json\/wp\/v2\/pages"}],"about":[{"href":"http:\/\/processos-grupals.aula.uoc.edu\/es\/wp-json\/wp\/v2\/types\/page"}],"author":[{"embeddable":true,"href":"http:\/\/processos-grupals.aula.uoc.edu\/es\/wp-json\/wp\/v2\/users\/2"}],"replies":[{"embeddable":true,"href":"http:\/\/processos-grupals.aula.uoc.edu\/es\/wp-json\/wp\/v2\/comments?post=146"}],"version-history":[{"count":9,"href":"http:\/\/processos-grupals.aula.uoc.edu\/es\/wp-json\/wp\/v2\/pages\/146\/revisions"}],"predecessor-version":[{"id":1465,"href":"http:\/\/processos-grupals.aula.uoc.edu\/es\/wp-json\/wp\/v2\/pages\/146\/revisions\/1465"}],"wp:attachment":[{"href":"http:\/\/processos-grupals.aula.uoc.edu\/es\/wp-json\/wp\/v2\/media?parent=146"}],"curies":[{"name":"wp","href":"https:\/\/api.w.org\/{rel}","templated":true}]}}