{"id":143,"date":"2023-01-17T13:11:57","date_gmt":"2023-01-17T11:11:57","guid":{"rendered":"http:\/\/processos-grupals-aula.azurewebsites.net\/?page_id=143"},"modified":"2023-02-28T13:27:29","modified_gmt":"2023-02-28T11:27:29","slug":"4-3-3-la-respuesta-institucional","status":"publish","type":"page","link":"http:\/\/processos-grupals.aula.uoc.edu\/es\/4-3-3-la-respuesta-institucional\/","title":{"rendered":"4.3.3. La respuesta institucional"},"content":{"rendered":"<p>La preeminencia de una u otra estrategia pol\u00edtica va a estar condicionada tambi\u00e9n por el contexto institucional, que puede ser m\u00e1s o menos receptivo a esa voluntad de di\u00e1logo y colaboraci\u00f3n con los movimientos sociales.<\/p>\n<p>Algunos autores subrayan la capacidad del sistema pol\u00edtico para proporcionar un espacio de negociaci\u00f3n e intercambio de intereses y decisiones en el que se pueda mediar y dar respuesta a los problemas que hacen florecer los movimientos sociales. En palabras de Melucci y Casquete (2001, p. 168):<\/p>\n<blockquote><p>\u00ablos sistemas pol\u00edticos proporcionan respuestas (a los movimientos sociales) porque institucionalizan el problema y producen reglas, toman decisiones; limitan la incertidumbre mediante la toma de decisiones, en tanto que los movimientos sociales hacen aflorar los problemas. El mero hecho de que los problemas se afronten y nominen abiertamente es algo de extrema importancia en nuestras sociedades\u00bb.<\/p><\/blockquote>\n<p>Por tanto, es importante que las demandas de los movimientos sociales sean visibles y reciban una respuesta por parte de las instituciones para reducir el problema por el cual fueron creados.\u00a0De esta manera, nos podemos encontrar en un contexto en que los movimientos sociales encuentren una serie de <strong>oportunidades pol\u00edticas<\/strong>, ya sea por cambios en la configuraci\u00f3n del poder o en las disposiciones institucionales, pero tambi\u00e9n pueden haber sido <strong>generadas por los mismos movimientos sociales o como resultado de procesos de negociaci\u00f3n<\/strong> con las autoridades pol\u00edticas.<\/p>\n<p>Aprovechar este <strong>contexto de oportunidad pol\u00edtica<\/strong> puede ser clave para la consecuci\u00f3n de determinados objetivos del movimiento social. No obstante, estas situaciones pueden acabar teniendo tambi\u00e9n algunas <strong>contrapartidas importantes para los propios movimientos sociales<\/strong>.\u00a0 Por ejemplo, estos procesos de apertura por parte del contexto institucional no suelen presentarse por igual a todas las demandas que pueda plantear un determinado movimiento social. La oportunidad pol\u00edtica se abrir\u00e1 para aquella parte del movimiento que trate cuestiones de inter\u00e9s m\u00e1s directo para las instituciones. Y frente a la <strong>pluralidad<\/strong> propia de los movimientos sociales (debido a la multiplicidad de asociaciones, repertorios de acciones, tem\u00e1ticas, t\u00e1cticas, relaciones, l\u00f3gicas organizacionales, actores, demandas, etc.), determinados contextos de oportunidad pol\u00edtica pueden acabar generando procesos de <strong>homogeneizaci\u00f3n<\/strong> del movimiento, o de <strong>cooptaci\u00f3n<\/strong> de aquellos grupos m\u00e1s cercanos al marco institucional y, por tanto, de <strong>invisibilizaci\u00f3n<\/strong> de aquellos m\u00e1s aut\u00f3nomos y con menos recursos.<\/p>\n<div class=\"featured featured-grey\"><p>La campa\u00f1a \u00abVota Rosa\u00bb dentro del asociacionismo LGBTI+ consist\u00eda en la participaci\u00f3n del asociacionismo en la pol\u00edtica electoral. El objetivo era conocer los programas m\u00e1s favorables para la agenda de los movimientos pro derechos LGTBI+ y votar a estos partidos. De esta manera, a partir de mediados de la d\u00e9cada de los noventa, podemos ver a representantes del movimiento LGBTI+ reunidos con l\u00edderes pol\u00edticos, especialmente de izquierdas, para discutir los programas electorales y negociar los compromisos pol\u00edticos futuros. Con el tiempo, los partidos pol\u00edticos fueron creando sectoriales LGBTI+ para tratar, espec\u00edficamente, estas cuestiones dentro de sus propias organizaciones.<\/p>\n<\/div>\n<p>La creaci\u00f3n de \u00f3rganos consultivos por parte de las instituciones puede ser valorado positivamente en tanto que espacios en los que se cuenta con el apoyo y el punto de vista del movimiento sobre las cuestiones de relevancia social que se abordan. Pero estos espacios tampoco acaban siendo plenamente representativos:<\/p>\n<ul>\n<li>hay cuestiones que prefieren no tratarse;<\/li>\n<li>se aceptan pr\u00e1cticas de presi\u00f3n pol\u00edtica o <em>lobby<\/em> dirigidas a la obtenci\u00f3n de recursos y reivindicaciones concretas que pueden suponer una controversia en el propio movimiento por la connotaci\u00f3n patriarcal, sexista y androc\u00e9ntrica que se asocia a las instituciones;<\/li>\n<li>integran las posiciones m\u00e1s cr\u00edticas, pero diluyen su car\u00e1cter cr\u00edtico, otorgando legitimidad a las decisiones institucionales aunque no siempre cubran las expectativas del asociacionismo y;<\/li>\n<li>requieren de tiempo y dedicaci\u00f3n para compartir la experiencia activista sin recibir compensaci\u00f3n alguna, por lo que no se reconoce el trabajo realizado por el movimiento.<\/li>\n<\/ul>\n","protected":false},"excerpt":{"rendered":"<p>La preeminencia de una u otra estrategia pol\u00edtica va a estar condicionada tambi\u00e9n por el contexto institucional, que puede ser m\u00e1s o menos receptivo a esa voluntad de di\u00e1logo y colaboraci\u00f3n con los movimientos sociales. Algunos autores subrayan la capacidad del sistema pol\u00edtico para proporcionar un espacio de negociaci\u00f3n e intercambio de intereses y decisiones [&hellip;]<\/p>\n","protected":false},"author":2,"featured_media":0,"parent":0,"menu_order":0,"comment_status":"closed","ping_status":"closed","template":"","meta":{"footnotes":""},"acf":[],"_links":{"self":[{"href":"http:\/\/processos-grupals.aula.uoc.edu\/es\/wp-json\/wp\/v2\/pages\/143"}],"collection":[{"href":"http:\/\/processos-grupals.aula.uoc.edu\/es\/wp-json\/wp\/v2\/pages"}],"about":[{"href":"http:\/\/processos-grupals.aula.uoc.edu\/es\/wp-json\/wp\/v2\/types\/page"}],"author":[{"embeddable":true,"href":"http:\/\/processos-grupals.aula.uoc.edu\/es\/wp-json\/wp\/v2\/users\/2"}],"replies":[{"embeddable":true,"href":"http:\/\/processos-grupals.aula.uoc.edu\/es\/wp-json\/wp\/v2\/comments?post=143"}],"version-history":[{"count":9,"href":"http:\/\/processos-grupals.aula.uoc.edu\/es\/wp-json\/wp\/v2\/pages\/143\/revisions"}],"predecessor-version":[{"id":947,"href":"http:\/\/processos-grupals.aula.uoc.edu\/es\/wp-json\/wp\/v2\/pages\/143\/revisions\/947"}],"wp:attachment":[{"href":"http:\/\/processos-grupals.aula.uoc.edu\/es\/wp-json\/wp\/v2\/media?parent=143"}],"curies":[{"name":"wp","href":"https:\/\/api.w.org\/{rel}","templated":true}]}}