{"id":139,"date":"2023-01-17T13:09:30","date_gmt":"2023-01-17T11:09:30","guid":{"rendered":"http:\/\/processos-grupals-aula.azurewebsites.net\/?page_id=139"},"modified":"2023-02-17T15:30:49","modified_gmt":"2023-02-17T13:30:49","slug":"4-3-1-introduccion-2","status":"publish","type":"page","link":"http:\/\/processos-grupals.aula.uoc.edu\/es\/4-3-1-introduccion-2\/","title":{"rendered":"4.3.1. Introducci\u00f3n"},"content":{"rendered":"<p>Junto al an\u00e1lisis de la transformaci\u00f3n del modelo organizativo, tambi\u00e9n podemos entender el proceso de institucionalizaci\u00f3n de un movimiento respecto a su mayor o menor aproximaci\u00f3n o <strong>integraci\u00f3n de su agenda pol\u00edtica en el marco institucional<\/strong>. Es decir, identificar hasta qu\u00e9 punto las demandas del movimiento han entrado al sistema jur\u00eddico-legal, gracias a una adaptaci\u00f3n de su movilizaci\u00f3n al contexto pol\u00edtico (Kim, 2005). Para ello, analizaremos, por un lado, las estrategias a las que recurren los movimientos sociales para conseguir transformar el \u00e1mbito institucional; por otro lado, tendremos en cuenta c\u00f3mo el contexto institucional reacciona y da cabida o no a estas presiones de los movimientos sociales, as\u00ed como las consecuencias que estas diferentes respuestas institucionales pueden acabar teniendo sobre los propios movimientos.<\/p>\n","protected":false},"excerpt":{"rendered":"<p>Junto al an\u00e1lisis de la transformaci\u00f3n del modelo organizativo, tambi\u00e9n podemos entender el proceso de institucionalizaci\u00f3n de un movimiento respecto a su mayor o menor aproximaci\u00f3n o integraci\u00f3n de su agenda pol\u00edtica en el marco institucional. Es decir, identificar hasta qu\u00e9 punto las demandas del movimiento han entrado al sistema jur\u00eddico-legal, gracias a una adaptaci\u00f3n [&hellip;]<\/p>\n","protected":false},"author":2,"featured_media":0,"parent":0,"menu_order":0,"comment_status":"closed","ping_status":"closed","template":"","meta":{"footnotes":""},"acf":[],"_links":{"self":[{"href":"http:\/\/processos-grupals.aula.uoc.edu\/es\/wp-json\/wp\/v2\/pages\/139"}],"collection":[{"href":"http:\/\/processos-grupals.aula.uoc.edu\/es\/wp-json\/wp\/v2\/pages"}],"about":[{"href":"http:\/\/processos-grupals.aula.uoc.edu\/es\/wp-json\/wp\/v2\/types\/page"}],"author":[{"embeddable":true,"href":"http:\/\/processos-grupals.aula.uoc.edu\/es\/wp-json\/wp\/v2\/users\/2"}],"replies":[{"embeddable":true,"href":"http:\/\/processos-grupals.aula.uoc.edu\/es\/wp-json\/wp\/v2\/comments?post=139"}],"version-history":[{"count":2,"href":"http:\/\/processos-grupals.aula.uoc.edu\/es\/wp-json\/wp\/v2\/pages\/139\/revisions"}],"predecessor-version":[{"id":707,"href":"http:\/\/processos-grupals.aula.uoc.edu\/es\/wp-json\/wp\/v2\/pages\/139\/revisions\/707"}],"wp:attachment":[{"href":"http:\/\/processos-grupals.aula.uoc.edu\/es\/wp-json\/wp\/v2\/media?parent=139"}],"curies":[{"name":"wp","href":"https:\/\/api.w.org\/{rel}","templated":true}]}}