{"id":132,"date":"2023-01-17T13:04:25","date_gmt":"2023-01-17T11:04:25","guid":{"rendered":"http:\/\/processos-grupals-aula.azurewebsites.net\/?page_id=132"},"modified":"2023-02-14T14:50:57","modified_gmt":"2023-02-14T12:50:57","slug":"4-2-2-la-formalizacion-de-la-estructura","status":"publish","type":"page","link":"http:\/\/processos-grupals.aula.uoc.edu\/es\/4-2-2-la-formalizacion-de-la-estructura\/","title":{"rendered":"4.2.2. La formalizaci\u00f3n de la estructura"},"content":{"rendered":"<p>Entendemos por <strong>formalizaci\u00f3n<\/strong> el proceso mediante el cual las asociaciones modifican su estructura organizativa hacia una <strong>jerarquizaci\u00f3n en la toma de decisiones<\/strong> y un <strong>aumento en el volumen presupuestario<\/strong> y de la <strong>capacidad organizativa<\/strong>.<\/p>\n<p>Morgan (2007) sostiene que este proceso implica transformar su modelo organizativo hacia uno considerado m\u00e1s \u00abapropiado\u00bb por las instituciones y a una reestructuraci\u00f3n interna que les permita gestionar los recursos p\u00fablicos obtenidos. Es decir, establecer y registrar unos estatutos y crear una estructura organizativa-directiva que opera en un territorio determinado, aunque puede extenderse a otras regiones.<\/p>\n<p>Para Offe (1998) este ejercicio de formalizaci\u00f3n (reestructuraci\u00f3n interna, redefinici\u00f3n de roles y gesti\u00f3n de recursos) es lo que garantiza la continuaci\u00f3n del movimiento social y, por tanto, no deja de ser un proceso de \u00abmadurez organizativa\u00bb de los movimientos sociales (citado en Natalucci, 2012, p. 13). Otras autoras, como Buechler (2016) y Della Porta y Diani (2011), se refieren a la formalizaci\u00f3n como la fase del proceso de institucionalizaci\u00f3n en la que el movimiento se vuelve organizado, t\u00e1ctico, disciplinado y con una clara orientaci\u00f3n a sus objetivos.<\/p>\n","protected":false},"excerpt":{"rendered":"<p>Entendemos por formalizaci\u00f3n el proceso mediante el cual las asociaciones modifican su estructura organizativa hacia una jerarquizaci\u00f3n en la toma de decisiones y un aumento en el volumen presupuestario y de la capacidad organizativa. Morgan (2007) sostiene que este proceso implica transformar su modelo organizativo hacia uno considerado m\u00e1s \u00abapropiado\u00bb por las instituciones y a [&hellip;]<\/p>\n","protected":false},"author":2,"featured_media":0,"parent":0,"menu_order":0,"comment_status":"closed","ping_status":"closed","template":"","meta":{"footnotes":""},"acf":[],"_links":{"self":[{"href":"http:\/\/processos-grupals.aula.uoc.edu\/es\/wp-json\/wp\/v2\/pages\/132"}],"collection":[{"href":"http:\/\/processos-grupals.aula.uoc.edu\/es\/wp-json\/wp\/v2\/pages"}],"about":[{"href":"http:\/\/processos-grupals.aula.uoc.edu\/es\/wp-json\/wp\/v2\/types\/page"}],"author":[{"embeddable":true,"href":"http:\/\/processos-grupals.aula.uoc.edu\/es\/wp-json\/wp\/v2\/users\/2"}],"replies":[{"embeddable":true,"href":"http:\/\/processos-grupals.aula.uoc.edu\/es\/wp-json\/wp\/v2\/comments?post=132"}],"version-history":[{"count":3,"href":"http:\/\/processos-grupals.aula.uoc.edu\/es\/wp-json\/wp\/v2\/pages\/132\/revisions"}],"predecessor-version":[{"id":453,"href":"http:\/\/processos-grupals.aula.uoc.edu\/es\/wp-json\/wp\/v2\/pages\/132\/revisions\/453"}],"wp:attachment":[{"href":"http:\/\/processos-grupals.aula.uoc.edu\/es\/wp-json\/wp\/v2\/media?parent=132"}],"curies":[{"name":"wp","href":"https:\/\/api.w.org\/{rel}","templated":true}]}}