{"id":126,"date":"2023-01-17T13:01:30","date_gmt":"2023-01-17T11:01:30","guid":{"rendered":"http:\/\/processos-grupals-aula.azurewebsites.net\/?page_id=126"},"modified":"2024-01-04T03:57:07","modified_gmt":"2024-01-04T01:57:07","slug":"apartado-3-conceptos-clave","status":"publish","type":"page","link":"http:\/\/processos-grupals.aula.uoc.edu\/es\/apartado-3-conceptos-clave\/","title":{"rendered":"Conceptos clave"},"content":{"rendered":"<p><strong>3. Los movimientos sociales: \u00bfqu\u00e9 son?, \u00bfpor qu\u00e9 estudiarlos?, \u00bfc\u00f3mo estudiarlos?<\/strong><\/p>\n<p>Acci\u00f3n colectiva &#8211; Acci\u00f3n colectiva contenciosa &#8211; Formas y repertorios de acci\u00f3n<br \/>\nAgencialidad<br \/>\nAlineamiento de marcos<br \/>\nCambio social<br \/>\nCampos de identidad: protagonistas, antagonistas y audiencia<br \/>\nConflicto<br \/>\nContradicciones<br \/>\nDesobediencia civil<br \/>\nIdentidad colectiva<br \/>\nL\u00f3gica de los movimientos sociales &#8211; Composici\u00f3n de la base social<br \/>\nMarcos de acci\u00f3n colectiva: diagn\u00f3stico, pron\u00f3stico y motivaci\u00f3n<br \/>\nMovimiento(s) social(es) &#8211; Sociopol\u00edticos, proactivos, reactivos, generales, contramovimientos<br \/>\nNuevos movimientos sociales<br \/>\nOperaismo &#8211; Posoperaismo<br \/>\nPerspectiva culturalista<br \/>\nPluralidad<br \/>\nProceso pol\u00edtico &#8211; Estructura de oportunidad pol\u00edtica<br \/>\nProcesos constituyentes<br \/>\nProducci\u00f3n de conocimiento<br \/>\nProtesta &#8211; Repertorios de protesta, ciclos de protesta<br \/>\nRepertorio de confrontaci\u00f3n<br \/>\n<em>Subaltern Studies<\/em> &#8211; Literatura poscolonial<br \/>\nSubjetividad<br \/>\nTeor\u00eda de la movilizaci\u00f3n de recursos<\/p>\n","protected":false},"excerpt":{"rendered":"<p>3. Los movimientos sociales: \u00bfqu\u00e9 son?, \u00bfpor qu\u00e9 estudiarlos?, \u00bfc\u00f3mo estudiarlos? Acci\u00f3n colectiva &#8211; Acci\u00f3n colectiva contenciosa &#8211; Formas y repertorios de acci\u00f3n Agencialidad Alineamiento de marcos Cambio social Campos de identidad: protagonistas, antagonistas y audiencia Conflicto Contradicciones Desobediencia civil Identidad colectiva L\u00f3gica de los movimientos sociales &#8211; Composici\u00f3n de la base social Marcos de [&hellip;]<\/p>\n","protected":false},"author":2,"featured_media":0,"parent":0,"menu_order":0,"comment_status":"closed","ping_status":"closed","template":"","meta":{"footnotes":""},"acf":[],"_links":{"self":[{"href":"http:\/\/processos-grupals.aula.uoc.edu\/es\/wp-json\/wp\/v2\/pages\/126"}],"collection":[{"href":"http:\/\/processos-grupals.aula.uoc.edu\/es\/wp-json\/wp\/v2\/pages"}],"about":[{"href":"http:\/\/processos-grupals.aula.uoc.edu\/es\/wp-json\/wp\/v2\/types\/page"}],"author":[{"embeddable":true,"href":"http:\/\/processos-grupals.aula.uoc.edu\/es\/wp-json\/wp\/v2\/users\/2"}],"replies":[{"embeddable":true,"href":"http:\/\/processos-grupals.aula.uoc.edu\/es\/wp-json\/wp\/v2\/comments?post=126"}],"version-history":[{"count":14,"href":"http:\/\/processos-grupals.aula.uoc.edu\/es\/wp-json\/wp\/v2\/pages\/126\/revisions"}],"predecessor-version":[{"id":1148,"href":"http:\/\/processos-grupals.aula.uoc.edu\/es\/wp-json\/wp\/v2\/pages\/126\/revisions\/1148"}],"wp:attachment":[{"href":"http:\/\/processos-grupals.aula.uoc.edu\/es\/wp-json\/wp\/v2\/media?parent=126"}],"curies":[{"name":"wp","href":"https:\/\/api.w.org\/{rel}","templated":true}]}}