{"id":1177,"date":"2024-01-04T05:01:30","date_gmt":"2024-01-04T03:01:30","guid":{"rendered":"http:\/\/processos-grupals-aula.azurewebsites.net\/?page_id=1177"},"modified":"2024-01-26T13:52:41","modified_gmt":"2024-01-26T11:52:41","slug":"apartado-5-conceptos-clave","status":"publish","type":"page","link":"http:\/\/processos-grupals.aula.uoc.edu\/es\/apartado-5-conceptos-clave\/","title":{"rendered":"Conceptos clave"},"content":{"rendered":"<p><strong>5. Grupos, colectivos y movimientos sociales: reflexiones desde la acci\u00f3n institucional<\/strong><\/p>\n<p>Actividad policial \/ Actividad pol\u00edtica<br \/>\nAutogobierno<br \/>\nCompromiso<br \/>\nConocimiento situado<br \/>\nComunidades epist\u00e9micas<br \/>\nExtituci\u00f3n<br \/>\nExtractivismo: acad\u00e9mico, epist\u00e9mico y ontol\u00f3gico<br \/>\nImaginario social: instituido e instituyente<br \/>\nInstituci\u00f3n (total)<br \/>\nInvestigaci\u00f3n participativa<br \/>\nInvestigaci\u00f3n activista\/militante<br \/>\nNudos pol\u00edticos<br \/>\nPan\u00f3ptico<br \/>\nParticipaci\u00f3n<br \/>\nPraxis instituyente<br \/>\nRedes comunitarias<br \/>\nReflexividad<br \/>\nTeor\u00eda del punto de vista<\/p>\n","protected":false},"excerpt":{"rendered":"<p>5. Grupos, colectivos y movimientos sociales: reflexiones desde la acci\u00f3n institucional Actividad policial \/ Actividad pol\u00edtica Autogobierno Compromiso Conocimiento situado Comunidades epist\u00e9micas Extituci\u00f3n Extractivismo: acad\u00e9mico, epist\u00e9mico y ontol\u00f3gico Imaginario social: instituido e instituyente Instituci\u00f3n (total) Investigaci\u00f3n participativa Investigaci\u00f3n activista\/militante Nudos pol\u00edticos Pan\u00f3ptico Participaci\u00f3n Praxis instituyente Redes comunitarias Reflexividad Teor\u00eda del punto de vista<\/p>\n","protected":false},"author":2,"featured_media":0,"parent":0,"menu_order":0,"comment_status":"closed","ping_status":"closed","template":"","meta":{"footnotes":""},"acf":[],"_links":{"self":[{"href":"http:\/\/processos-grupals.aula.uoc.edu\/es\/wp-json\/wp\/v2\/pages\/1177"}],"collection":[{"href":"http:\/\/processos-grupals.aula.uoc.edu\/es\/wp-json\/wp\/v2\/pages"}],"about":[{"href":"http:\/\/processos-grupals.aula.uoc.edu\/es\/wp-json\/wp\/v2\/types\/page"}],"author":[{"embeddable":true,"href":"http:\/\/processos-grupals.aula.uoc.edu\/es\/wp-json\/wp\/v2\/users\/2"}],"replies":[{"embeddable":true,"href":"http:\/\/processos-grupals.aula.uoc.edu\/es\/wp-json\/wp\/v2\/comments?post=1177"}],"version-history":[{"count":1,"href":"http:\/\/processos-grupals.aula.uoc.edu\/es\/wp-json\/wp\/v2\/pages\/1177\/revisions"}],"predecessor-version":[{"id":1178,"href":"http:\/\/processos-grupals.aula.uoc.edu\/es\/wp-json\/wp\/v2\/pages\/1177\/revisions\/1178"}],"wp:attachment":[{"href":"http:\/\/processos-grupals.aula.uoc.edu\/es\/wp-json\/wp\/v2\/media?parent=1177"}],"curies":[{"name":"wp","href":"https:\/\/api.w.org\/{rel}","templated":true}]}}