{"id":114,"date":"2023-01-17T12:55:37","date_gmt":"2023-01-17T10:55:37","guid":{"rendered":"http:\/\/processos-grupals-aula.azurewebsites.net\/?page_id=114"},"modified":"2024-09-12T18:57:33","modified_gmt":"2024-09-12T16:57:33","slug":"3-3-5-propuesta-modesta-para-el-estudio-de-los-movimientos-sociales","status":"publish","type":"page","link":"http:\/\/processos-grupals.aula.uoc.edu\/es\/3-3-5-propuesta-modesta-para-el-estudio-de-los-movimientos-sociales\/","title":{"rendered":"3.3.5. Propuesta modesta para el estudio de los movimientos sociales"},"content":{"rendered":"<p>Los elementos de indagaci\u00f3n para con los movimientos sociales corresponden a la identificaci\u00f3n de los propios movimientos, el estudio de las razones que llevan a su surgimiento, la actividad que realizan y el impacto que ejercen. Las tres primeras cuestiones (<strong>identificaci\u00f3n, surgimiento y actividad<\/strong>) podr\u00edan ser agrupadas en una sola, llamada la <strong>l\u00f3gica de los movimientos sociales<\/strong>. La \u00faltima cuesti\u00f3n, el <strong>impacto de los movimientos sociales<\/strong>, merece un tratamiento espec\u00edfico y diferenciado. Por tanto, de acuerdo con la propuesta que se elabora en este apartado, la tarea de las Ciencias Sociales consistir\u00eda en aportar conocimiento sobre los dos aspectos, la l\u00f3gica y el impacto.<\/p>\n<p>Los diferentes enfoques planteados, pese a sus diferencias, han supuesto avances en el estudio de los movimientos. Cada uno de ellos ilustra aspectos diversos. Obviamente no todos han tenido el mismo \u00e9xito a fin de resolver aquello que se planteaban. En primer lugar, muchos de estos enfoques no analizan toda la exhaustividad de los movimientos, lo que aqu\u00ed se ha llamado l\u00f3gica e impacto. En segundo lugar, alguno de los enfoques pretende explicar alguna de las tipolog\u00edas de los movimientos, no su conjunto. El ejemplo m\u00e1s claro se corresponde con el enfoque de los \u00abnuevos\u00bb movimientos sociales, que trata de explicar los movimientos que aparecen en las democracias occidentales en el \u00faltimo tercio del siglo <span class=\"roman\">XX<\/span>. Otro ejemplo: la teor\u00eda de la movilizaci\u00f3n de recursos estudia casi de forma exclusiva las organizaciones del movimiento social, lo que hemos llamado <em>movimientos espec\u00edficos<\/em>.<\/p>\n<p>Por tanto, los enfoques por s\u00ed mismos no son suficientes para el estudio de campo de los movimientos.\u00a0 Se necesita, adem\u00e1s, una propuesta de s\u00edntesis modesta, pero \u00fatil, para ese estudio de campo. En la propuesta de s\u00edntesis modesta se combinan tres factores:<\/p>\n<ul>\n<li>los aspectos ya resueltos por los enfoques;<\/li>\n<li>otros que se apuntan para su resoluci\u00f3n futura;<\/li>\n<li>aspectos que provienen del estudio de las instituciones pol\u00edticas y sociales y que refieren al estudio del cambio social en esas propias instituciones.<\/li>\n<\/ul>\n<p><strong>La l\u00f3gica de los movimientos sociales<\/strong><\/p>\n<p><strong>1. Identificaci\u00f3n. <\/strong>La tarea implica precisar, en un primer momento, que efectivamente la agregaci\u00f3n humana se corresponde a un <a href=\"http:\/\/processos-grupals.aula.uoc.edu\/es\/3-1-1-introduccion\/\" rel=\"noopener\"><strong>movimiento social<\/strong><\/a>.<\/p>\n<p>La segunda cuesti\u00f3n obliga a precisar las diferencias entre los movimientos en relaci\u00f3n con el cambio social al que aspiran. Esto es, identificar a qu\u00e9 <a href=\"http:\/\/processos-grupals.aula.uoc.edu\/es\/3-1-3-tipologia-de-movimientos\/\" rel=\"noopener\"><strong>tipolog\u00eda de movimiento<\/strong><\/a> social se corresponde.<\/p>\n<p>La tercera cuesti\u00f3n se refiere a la identificaci\u00f3n de la <strong>composici\u00f3n de la base social<\/strong> del movimiento objeto de estudio. Parece, como sugieren los estudios del enfoque de los \u00abnuevos\u00bb movimientos sociales, que existe un contraste entre la base de los movimientos cl\u00e1sicos (movimiento obrero, movimiento vecinal o el movimiento sufragista) y la base de los movimientos que surgen a partir de finales de los a\u00f1os sesenta del siglo pasado. Si en los primeros la base social guardaba vinculaci\u00f3n estrecha con la clase social (esto es, eran movimientos de una clase social), en los segundos la vinculaci\u00f3n se debilita. Como se\u00f1ala Claus Offe (1996) en los nuevos movimientos se encuentra una amalgama entre posiciones sociales diversas, una composici\u00f3n social m\u00e1s heterog\u00e9nea que incluy\u00f3 la entonces nueva clase media, el precariado e identidades definidas m\u00e1s all\u00e1 de estructuras econ\u00f3micas (por ejemplo, mujeres, LGTBI+, minor\u00edas, etc.).<\/p>\n<p><strong>2. Surgimiento<\/strong>. Este es uno de los aspectos m\u00e1s trabajados por los distintos enfoques.\u00a0 Sigui\u00e9ndolos, puede decirse que las cuatro interpretaciones posibles de por qu\u00e9 surge un movimiento social ser\u00edan las siguientes:<\/p>\n<ul>\n<li>aparecen cuando se dan <strong>tensiones estructurales o expectativas no cumplidas<\/strong>;<\/li>\n<li>aparecen cuando algunos seres humanos est\u00e1n dispuestos\u00a0 a <strong>invertir tiempo y esfuerzo<\/strong> para dotar de voz p\u00fablica a un problema social;<\/li>\n<li>aparecen de acuerdo con los <strong>desarrollos societarios y con los cambios en las sociedades m\u00e1s avanzadas<\/strong>;<\/li>\n<li>aparecen cuando en el contexto pol\u00edtico se da una <strong>oportunidad pol\u00edtica<\/strong>.<\/li>\n<\/ul>\n<p>Ninguna de las explicaciones es err\u00f3nea. Tal y como demuestra la investigaci\u00f3n de movimientos contempor\u00e1neos, la aparici\u00f3n de un movimiento nuevo se relaciona con la presencia de un problema pol\u00edtico o social que no encuentra soluci\u00f3n presente o cuando las expectativas de un grupo social no se cumplen. Es necesario tambi\u00e9n que algunas personas, en el inicio de la formaci\u00f3n del movimiento, est\u00e9n dispuestas a invertir un tiempo considerable de su vida cotidiana y a desarrollar una estrategia pol\u00edtica virtuosa a fin de dar voz p\u00fablica al movimiento. Si se suman los <strong>rasgos macroestructurales<\/strong> de una sociedad (el avance, por ejemplo, de las tecnolog\u00edas de la informaci\u00f3n), todav\u00eda puede conocerse m\u00e1s del surgimiento del movimiento social. Y todo ello se acelera cuando se da una oportunidad pol\u00edtica favorable. Por tanto, un planteamiento de investigaci\u00f3n debe tenerlas en cuenta como hip\u00f3tesis para se\u00f1alar lo siguiente:<\/p>\n<ul>\n<li>A m\u00e1s <strong>tensiones estructurales y expectativas<\/strong> no cumplidas, m\u00e1s posibilidades de que surjan procesos que den lugar a movimientos sociales.<\/li>\n<li>A m\u00e1s personas dispuestas a <strong>invertir tiempo<\/strong> para dise\u00f1ar una estrategia que haga visible una causa social, m\u00e1s posibilidades de que surjan procesos que den lugar a movimientos sociales.<\/li>\n<li>A m\u00e1s <strong>cambios en la organizaci\u00f3n societaria<\/strong>, m\u00e1s posibilidades de que surjan procesos que den lugar a movimientos sociales.<\/li>\n<li>A m\u00e1s <strong>cambios y realineamientos en las estructuras pol\u00edticas<\/strong>, existen m\u00e1s oportunidades, m\u00e1s posibilidades de que surjan procesos que den lugar a movimientos sociales.<\/li>\n<\/ul>\n<p>Todas ellas son casu\u00edsticas de la formaci\u00f3n de movimientos sociales que deben tenerse en cuenta. En general podr\u00eda decirse que para la explicaci\u00f3n del surgimiento de un movimiento social debe atenderse a:<\/p>\n<ul>\n<li>las <strong>condiciones estructurales de una determinada sociedad<\/strong>, esto es, lo que incluye y sobre todo lo que queda excluido;<\/li>\n<li>las <strong>condiciones de organizaci\u00f3n de una acci\u00f3n colectiva<\/strong>, y<\/li>\n<li>la <strong>aparici\u00f3n de una oportunidad pol\u00edtica<\/strong>.<\/li>\n<\/ul>\n<p>Cuando se dan las tres, eclosionan los movimientos sociales, surgen con toda su fuerza, adquiriendo lo que Sidney Tarrow (1997)\u00a0 llama \u00abel poder en movimiento\u00bb. El estudio del surgimiento de los movimientos sociales debe dar por tanto cuenta de al menos las tres explicaciones: \u00bfQu\u00e9 sucede en las instituciones sociales? \u00bfC\u00f3mo se organiza en sus inicios la acci\u00f3n colectiva que da lugar a un movimiento social? \u00bfC\u00f3mo reacciona el contexto pol\u00edtico y social a la emergencia del movimiento, esto es, encuentra solo <strong>personas adversarias<\/strong> o, por contra, encuentra algunas <strong>aliadas<\/strong>?<\/p>\n<p><strong>3. Actividad pol\u00edtica y social<\/strong>. Los distintos enfoques los han resuelto parcialmente, especialmente los m\u00e1s contempor\u00e1neos. Destaca especialmente la aportaci\u00f3n del enfoque de los \u00abnuevos\u00bb movimientos, que, pese a referirse espec\u00edficamente a unos movimientos con un corte hist\u00f3rico determinado, han aportado elementos muy significativos para el estudio del tipo de actividad de los movimientos: el trabajo en red, la democracia interna, el enfoque hacia los valores nuevos dentro de una sociedad, por poner algunos ejemplos ilustrativos.<\/p>\n<p>No obstante, a ello debe se\u00f1alarse que analizar satisfactoriamente la actividad de los movimientos cubre un abanico m\u00e1s amplio que implica prestar atenci\u00f3n al estudio de las siguientes \u00e1reas: su <strong>din\u00e1mica de acci\u00f3n colectiva<\/strong>, el <strong>tipo de reivindicaciones<\/strong> que defienden, las <strong>demandas<\/strong> que realizar al sistema pol\u00edtico y social, incluyendo a otros grupos sociales, la <strong>organizaci\u00f3n interna<\/strong> del movimiento, y a la <strong>continuidad en el tiempo<\/strong> y los mecanismos que la posibilitan.<\/p>\n<p><strong>El impacto de los movimientos sociales<\/strong><\/p>\n<p>Analizar el <strong>impacto<\/strong> de los movimientos significa determinar d\u00f3nde el movimiento ha pretendido generar influencia y, por tanto, modificar parcial o totalmente las instituciones y estructuras sociales. \u00bfHa pretendido influenciar \u2013y lo ha logrado o no\u2013 en la opini\u00f3n p\u00fablica y en la sociedad? \u00bfHa pretendido, adem\u00e1s \u2013y lo ha logrado o no\u2013 influenciar a las instituciones y estructuras sociales que \u00aborganizan\u00bb las sociedades a fin de acometer cambios en ellas?<\/p>\n<p>El estudio, por tanto, del impacto es sumamente interesante para dar cuenta de la estabilidad y el cambio social en una determinada sociedad. Pero no por ello f\u00e1cil. Cuando se producen <strong>transformaciones<\/strong> en los sistemas sociales, culturales, pol\u00edticos o econ\u00f3micos, usualmente no es tan visible el papel de los movimientos en esa transformaci\u00f3n. No siempre cuando se aprueba la ley de dependencia, la ley contra la violencia de g\u00e9nero, el matrimonio no cisheterosexual, el reciclaje de las basuras o el aumento de los tramos impositivos a las rentas m\u00e1s altas, sabe encontrarse en el inicio un movimiento social emergente que dio voz p\u00fablica a esa problem\u00e1tica. Como, dando un salto hist\u00f3rico hacia atr\u00e1s, sucedi\u00f3 con la jornada de trabajo de ocho horas o el voto de las mujeres, dos cuestiones que un d\u00eda se aprobaron por parte de los distintos sistemas pol\u00edticos, pero que en sus inicios fue una demanda de movimientos nuevos en su \u00e9poca. En resumen, o dicho en otras palabras, <strong>a menudo los movimientos cuando tienen impacto ya no son propiamente movimientos, sino que algunos, o todos, los actores pol\u00edticos han hecho suyas sus demandas<\/strong>.\u00a0 Esta es la situaci\u00f3n que m\u00e1s se repite en las sociedades contempor\u00e1neas. No obstante, algunas veces tambi\u00e9n tenemos otros impactos. En las l\u00edneas que siguen a continuaci\u00f3n se tratar\u00e1 de sintetizarlas.\u00a0 Las m\u00e1s esenciales son las siguientes:<\/p>\n<ol>\n<li style=\"list-style-type: none;\">\n<ol>\n<li><strong>El surgimiento de nuevas demandas<\/strong>. La actividad de los movimientos sociales origina la aparici\u00f3n de nuevas demandas en una determinada sociedad. El movimiento por los derechos civiles en los Estados Unidos de la demanda de igualdad efectiva entre negros y blancos. El movimiento LGTBI+, en el conjunto del planeta y con especial fuerza en las dos \u00faltimas d\u00e9cadas, ha generado demandas de reconocimiento de formas de afectividad y sexualidad diferentes a las cisheterosexuales.\u00a0 El movimiento antimilitarista de la d\u00e9cada de los noventa en Espa\u00f1a hizo surgir la demanda de la objeci\u00f3n de conciencia.\u00a0 Todos ellos, y muchos otros, ilustran la emergencia de demandas, las cuales a partir de entonces requerir\u00e1n respuesta por parte de los sistemas sociales y pol\u00edticos.<\/li>\n<li><strong>El surgimiento de nuevos actores sociales y pol\u00edticos<\/strong>. Paralelamente al surgimiento de las nuevas demandas y a los nuevos temas, aparecen nuevos actores sociales y pol\u00edticos que pretenden, en algunos casos, impugnar a los viejos y, en otros casos, ser part\u00edcipes de las asociaciones que merecen ser escuchadas por los actores pol\u00edticos ya establecidos.\u00a0 Estos nuevos actores son, utilizando de nuevo a Tarrow, fantasmas de la \u00f3pera, esto es, personas y grupos que no proceden de las \u00e9lites convencionales.<\/li>\n<li><strong>La colisi\u00f3n con los actores pol\u00edticos \u00abtradicionales\u00bb<\/strong>. Los nuevos actores colisionan con los tradicionales (normalmente partidos pol\u00edticos y otras organizaciones y asociaciones previamente existentes), que se disputan la representaci\u00f3n de una zona de la realidad social.<\/li>\n<\/ol>\n<\/li>\n<\/ol>\n<p>Todos estos son los elementos que deber\u00edan tenerse en cuenta a fin de estudiar adecuadamente un determinado movimiento social. Se sintetizan en la tabla siguiente:<\/p>\n<div class=\"tabletitle\"><p>Tabla 7. Elementos de estudio de los movimientos sociales<\/p>\n<\/div>\n<table>\n<tbody>\n<tr>\n<td><strong>L\u00f3gica del movimiento<\/strong><\/td>\n<td><strong>Impacto del movimiento<\/strong><\/td>\n<\/tr>\n<tr>\n<td><strong>1. <\/strong><strong>Identificaci\u00f3n<\/strong><br \/>\na. \u00bfPor qu\u00e9 ser un MS?<br \/>\nb. \u00bfQu\u00e9 tipo de MS?<br \/>\nc. Composiciones sociales<\/td>\n<td>1. Sobre la sociedad: nuevas demandas<\/td>\n<\/tr>\n<tr>\n<td><strong>2. Surgimiento<\/strong><br \/>\na. Condiciones estructurales<br \/>\nb. Acci\u00f3n del movimiento<br \/>\nc. Oportunidad pol\u00edtica<\/td>\n<td rowspan=\"2\">2. Sobre el sistema pol\u00edtico y social: nuevos actores y colisi\u00f3n<\/td>\n<\/tr>\n<tr>\n<td><strong>3. Actividad<\/strong><br \/>\na. Din\u00e1mica acci\u00f3n colectiva<br \/>\nb. Reivindicaciones<br \/>\nc. Organizaci\u00f3n interna<br \/>\nd. Temporalidad<\/td>\n<\/tr>\n<\/tbody>\n<\/table>\n<p>&nbsp;<\/p>\n","protected":false},"excerpt":{"rendered":"<p>Los elementos de indagaci\u00f3n para con los movimientos sociales corresponden a la identificaci\u00f3n de los propios movimientos, el estudio de las razones que llevan a su surgimiento, la actividad que realizan y el impacto que ejercen. Las tres primeras cuestiones (identificaci\u00f3n, surgimiento y actividad) podr\u00edan ser agrupadas en una sola, llamada la l\u00f3gica de los [&hellip;]<\/p>\n","protected":false},"author":2,"featured_media":0,"parent":0,"menu_order":0,"comment_status":"closed","ping_status":"closed","template":"","meta":{"footnotes":""},"acf":[],"_links":{"self":[{"href":"http:\/\/processos-grupals.aula.uoc.edu\/es\/wp-json\/wp\/v2\/pages\/114"}],"collection":[{"href":"http:\/\/processos-grupals.aula.uoc.edu\/es\/wp-json\/wp\/v2\/pages"}],"about":[{"href":"http:\/\/processos-grupals.aula.uoc.edu\/es\/wp-json\/wp\/v2\/types\/page"}],"author":[{"embeddable":true,"href":"http:\/\/processos-grupals.aula.uoc.edu\/es\/wp-json\/wp\/v2\/users\/2"}],"replies":[{"embeddable":true,"href":"http:\/\/processos-grupals.aula.uoc.edu\/es\/wp-json\/wp\/v2\/comments?post=114"}],"version-history":[{"count":10,"href":"http:\/\/processos-grupals.aula.uoc.edu\/es\/wp-json\/wp\/v2\/pages\/114\/revisions"}],"predecessor-version":[{"id":1413,"href":"http:\/\/processos-grupals.aula.uoc.edu\/es\/wp-json\/wp\/v2\/pages\/114\/revisions\/1413"}],"wp:attachment":[{"href":"http:\/\/processos-grupals.aula.uoc.edu\/es\/wp-json\/wp\/v2\/media?parent=114"}],"curies":[{"name":"wp","href":"https:\/\/api.w.org\/{rel}","templated":true}]}}