{"id":109,"date":"2023-01-17T12:50:29","date_gmt":"2023-01-17T10:50:29","guid":{"rendered":"http:\/\/processos-grupals-aula.azurewebsites.net\/?page_id=109"},"modified":"2024-09-12T18:48:22","modified_gmt":"2024-09-12T16:48:22","slug":"3-3-3-el-enfoque-de-los-nuevos-movimientos-sociales","status":"publish","type":"page","link":"http:\/\/processos-grupals.aula.uoc.edu\/es\/3-3-3-el-enfoque-de-los-nuevos-movimientos-sociales\/","title":{"rendered":"3.3.3. El enfoque de los nuevos movimientos sociales"},"content":{"rendered":"<p>Este enfoque nace por la necesidad de explicar los movimientos sociales aparecidos en el \u00faltimo tercio del siglo <span class=\"roman\">XX<\/span>, fundamentalmente los movimientos ecologistas, pacifistas y la nueva oleada de feminismo. Se les llam\u00f3 <strong>\u00abnuevos\u00bb movimientos<\/strong> para diferenciarlos de los movimientos m\u00e1s cl\u00e1sicos y t\u00edpicos del siglo <span class=\"roman\">XIX<\/span> y buena parte del siglo <span class=\"roman\">XX<\/span>: fundamentalmente el movimiento obrero, pero tambi\u00e9n la primera ola del movimiento feminista y los movimientos nacionalistas de las antiguas colonias.\u00a0 Por tanto, es un enfoque que no trata de dar una explicaci\u00f3n de todos los movimientos, sino de unos bien concretos y delimitados en una \u00e9poca determinada.<\/p>\n<p>Esos movimientos sorprendieron a las democracias \u2013y tambi\u00e9n a las dictaduras\u2013 en una \u00e9poca de crecimiento econ\u00f3mico continuado y de relativa redistribuci\u00f3n econ\u00f3mica.\u00a0 Sorprendieron, dado que desafiaron el consenso que surgi\u00f3 despu\u00e9s de la Segunda Guerra Mundial y que se conoce como \u00ablos treinta a\u00f1os gloriosos\u00bb (1945-1975). Esos nuevos movimientos pusieron en entredicho ese consenso: para ellos la riqueza, el crecimiento de la producci\u00f3n o el bienestar material ya no ser\u00edan la fuente \u00faltima y principal de felicidad.\u00a0 Defend\u00edan en su lugar los valores culturales, la calidad de vida, la igualdad entre los sexos, la no discriminaci\u00f3n \u00e9tnico-racial o afectivo-sexual, el pacifismo o las formas m\u00e1s directas de participaci\u00f3n democr\u00e1tica.<\/p>\n<p>El desarrollo de los \u00ab<strong>nuevos\u00bb movimientos<\/strong> estar\u00eda estrechamente ligado a una serie de factores clave que tomaron relevancia en el \u00faltimo tercio del siglo <span class=\"roman\">XX<\/span>. El primero, la amenaza nuclear que en el per\u00edodo de la llamada Guerra Fr\u00eda implicaba la pol\u00edtica de las grandes potencias y que supon\u00eda un aut\u00e9ntico desaf\u00edo para la vida en el planeta Tierra. El segundo, la constataci\u00f3n de que el crecimiento econ\u00f3mico deb\u00eda limitarse a un mundo de recursos finitos a fin de no llevar al mundo hacia su autodestrucci\u00f3n. Y tercero, ni las democracias representativas ni las pol\u00edticas de bienestar parec\u00edan cumplir las expectativas que hab\u00edan creado sobre la igualdad y la libertad. Estos factores dieron como resultado:<\/p>\n<ul>\n<li>La p\u00e9rdida de la centralidad explicativa de las clases sociales: la ciudadan\u00eda ya no se defin\u00eda exclusivamente por sus relaciones de producci\u00f3n, sino que emergieron otros elementos de identidad tan o m\u00e1s explicativos, como el g\u00e9nero, la nacionalidad o la formaci\u00f3n.<\/li>\n<li>La incapacidad de los movimientos hasta entonces existentes para dar repuesta a unos problemas que, hasta el momento, les eran muy ajenos. Por ejemplo, para el movimiento obrero y sindical era muy reacio a las propuestas anticrecimiento del movimiento ecologista.\u00a0 Por tanto, en la cr\u00edtica de los nuevos movimientos tambi\u00e9n se inclu\u00eda muy a menudo a los \u00abviejos\u00bb movimientos.<\/li>\n<\/ul>\n<p>En este contexto nacen los nuevos movimientos como formas alternativas de acci\u00f3n colectiva que responden mejor al esp\u00edritu de los tiempos. Y que a la vez son novedosos en sus objetivos, en la organizaci\u00f3n y en su composici\u00f3n social. Sus objetivos constituyen, en expresi\u00f3n de Claus Offe, \u00ab<strong>luchas defensivas contra la irracionalidad de la modernizaci\u00f3n\u00bb<\/strong>. Por ejemplo, los movimientos ecologistas, antimilitaristas y pacifistas. En cuanto a la organizaci\u00f3n, sus formas son menos jer\u00e1rquicas que los movimientos anteriores, y se opta por lo <a href=\"http:\/\/processos-grupals-aula.azurewebsites.net\/es\/1-3-1-introduccion-2\/\" target=\"_blank\" rel=\"noopener\"><strong>asambleario<\/strong><\/a> y por el <strong>trabajo en redes<\/strong>. En cuanto a la composici\u00f3n social los nuevos movimientos, son m\u00e1s <strong>interclasistas<\/strong>, con un protagonismo especial de las llamadas, a finales del siglo <span class=\"roman\">XX<\/span>, \u00abnuevas clases medias\u00bb, muy instruidas, pero con reivindicaciones no de un grupo social, sino generalistas, esto es, reivindicaciones que, en caso de conseguirse, repercutir\u00edan no sobre un grupo social, sino sobre el conjunto de la sociedad.<\/p>\n<p>Entre los \u00ab<strong>nuevos\u00bb movimientos<\/strong> m\u00e1s importantes encontramos el movimiento pacifista, que, como se ha dicho l\u00edneas arriba, se desarrolla en el contexto de la Guerra Fr\u00eda y como respuesta a la carrera armament\u00edstica que protagonizaron las dos potencias de la \u00e9pica (Estados Unidos y URSS) y sus respectivos aliados. Otro \u00abnuevo\u00bb movimiento social importante fue el movimiento ecologista, que alertaba contra los peligros del llamado <em>desarrollo<\/em>, centrando sus objetivos en el necesario cambio de la relaci\u00f3n entre el ser humano y la naturaleza. Otro \u00abnuevo\u00bb movimiento importante fue el movimiento feminista: pese a contar con precedentes importantes, como el de las sufragistas, los a\u00f1os setenta del siglo pasado fueron testigo de una nueva oleada de feminismo que se extiende a los hasta entonces privados de la vida social con su lema \u00ablo personal es pol\u00edtico\u00bb.<\/p>\n<p>El impacto de esos nuevos movimientos ha sido muy importante en las d\u00e9cadas siguientes. Hicieron emerger debates sobre cuestiones antes no contempladas y consiguieron que la opini\u00f3n p\u00fablica se hiciera eco de muchos de sus planteamientos y, en consecuencia, han motivado que las instituciones pol\u00edticas tuvieran que estudiar y establecer medidas dirigidas a dar satisfacci\u00f3n a las \u00abnuevas\u00bb demandas.<\/p>\n<div class=\"featured featured-grey\"><\/p>\n<p>La serie documental <em>Broken<\/em> (Netflix, 2019) muestra una de las funciones del movimiento ecologista, que es cuestionar las pr\u00e1cticas de producci\u00f3n y consumismo irresponsable y su impacto en nuestro planeta. Nos expone los problemas provocados por el mobiliario desechable, las industrias de maquillaje, los cigarrillos de vapor y el falso reciclaje y su impacto sobre las diferentes sociedades.<\/p>\n<p><iframe loading=\"lazy\" title=\"These Consumer Goods Come At A Price | Broken Trailer | Netflix\" width=\"640\" height=\"360\" src=\"https:\/\/www.youtube.com\/embed\/sMPdsKvhCOo?feature=oembed\" frameborder=\"0\" allow=\"accelerometer; autoplay; clipboard-write; encrypted-media; gyroscope; picture-in-picture; web-share\" referrerpolicy=\"strict-origin-when-cross-origin\" allowfullscreen><\/iframe><\/p>\n<p>\n<\/div>\n","protected":false},"excerpt":{"rendered":"<p>Este enfoque nace por la necesidad de explicar los movimientos sociales aparecidos en el \u00faltimo tercio del siglo , fundamentalmente los movimientos ecologistas, pacifistas y la nueva oleada de feminismo. Se les llam\u00f3 \u00abnuevos\u00bb movimientos para diferenciarlos de los movimientos m\u00e1s cl\u00e1sicos y t\u00edpicos del siglo y buena parte del siglo : fundamentalmente el movimiento [&hellip;]<\/p>\n","protected":false},"author":2,"featured_media":0,"parent":0,"menu_order":0,"comment_status":"closed","ping_status":"closed","template":"","meta":{"footnotes":""},"acf":[],"_links":{"self":[{"href":"http:\/\/processos-grupals.aula.uoc.edu\/es\/wp-json\/wp\/v2\/pages\/109"}],"collection":[{"href":"http:\/\/processos-grupals.aula.uoc.edu\/es\/wp-json\/wp\/v2\/pages"}],"about":[{"href":"http:\/\/processos-grupals.aula.uoc.edu\/es\/wp-json\/wp\/v2\/types\/page"}],"author":[{"embeddable":true,"href":"http:\/\/processos-grupals.aula.uoc.edu\/es\/wp-json\/wp\/v2\/users\/2"}],"replies":[{"embeddable":true,"href":"http:\/\/processos-grupals.aula.uoc.edu\/es\/wp-json\/wp\/v2\/comments?post=109"}],"version-history":[{"count":5,"href":"http:\/\/processos-grupals.aula.uoc.edu\/es\/wp-json\/wp\/v2\/pages\/109\/revisions"}],"predecessor-version":[{"id":1408,"href":"http:\/\/processos-grupals.aula.uoc.edu\/es\/wp-json\/wp\/v2\/pages\/109\/revisions\/1408"}],"wp:attachment":[{"href":"http:\/\/processos-grupals.aula.uoc.edu\/es\/wp-json\/wp\/v2\/media?parent=109"}],"curies":[{"name":"wp","href":"https:\/\/api.w.org\/{rel}","templated":true}]}}