{"id":1056,"date":"2023-12-07T12:54:07","date_gmt":"2023-12-07T10:54:07","guid":{"rendered":"http:\/\/processos-grupals-aula.azurewebsites.net\/?page_id=1056"},"modified":"2024-09-12T17:05:01","modified_gmt":"2024-09-12T15:05:01","slug":"1-3-2-la-facilitacion-no-violenta","status":"publish","type":"page","link":"http:\/\/processos-grupals.aula.uoc.edu\/es\/1-3-2-la-facilitacion-no-violenta\/","title":{"rendered":"1.3.2. La facilitaci\u00f3n no violenta"},"content":{"rendered":"<p><strong>La facilitaci\u00f3n no violenta se define como el rol que, en el contexto de una asamblea, emplea un conjunto de t\u00e9cnicas que posibilitan una comunicaci\u00f3n y cohesi\u00f3n fluida durante el debate y toma de decisiones<\/strong>. El rol de facilitador o facilitadora a menudo se confunde con el de moderador, ya que ejerce funciones como ordenar los temas que deben tratarse, otorgar la palabra, realizar la s\u00edntesis de los acuerdos e introducir aclaraciones sobre el proceso de toma de decisiones.<\/p>\n<p>Ahora bien, como nos recuerdan Lorenzo y Mart\u00ednez (2001), la buena marcha de las <strong>asambleas<\/strong> implica la <strong>corresponsabilidad<\/strong> de todos sus participantes. Por lo que la persona facilitadora, como indica el nombre, facilita las din\u00e1micas asamblearias, pero requiere la colaboraci\u00f3n de las y los participantes para que se generen debates y acuerdos colectivos. Este aspecto de corresponsabilidad es fundamental para entender las dificultades del modelo asambleario, que radican en buena medida en la subjetividad derivada del capitalismo. Por <strong>subjetividad<\/strong> podemos entender el conjunto de valores y formas de interpretar la realidad que nos constituye como sujetos (Reneses, 2023). Esta subjetividad ha sido modelada por el capitalismo, colocando al individuo en el centro. La concepci\u00f3n de que cada persona es un individuo con una racionalidad aislada, entendida como la capacidad aut\u00f3noma de evaluar todas las eventualidades desde un esquema de costes y beneficios, ha generado una subjetividad desconectada de los v\u00ednculos sociales. De esta forma, se nos concibe como productores y consumidores que son responsables \u00fanicamente de sus vidas individuales. Bajo esta subjetividad, la naturaleza y el resto de los individuos aparecen como meros instrumentos \u2013o incluso obst\u00e1culos\u2013 para satisfacer nuestros objetivos individuales. De hecho, el capitalismo podr\u00eda enfocarse como un sistema de dominio en el que una minor\u00eda econ\u00f3mica se vuelve inconsciente e insensible a la destrucci\u00f3n del medio ambiente y de los v\u00ednculos sociales que posibilitan la vida. Esta cosmovisi\u00f3n genera, por una parte, la conducta de <strong>diferenciaci\u00f3n del grupo<\/strong> para reivindicar la propia <strong>individualidad<\/strong>, dificultando as\u00ed el establecimiento de fuertes <strong>v\u00ednculos sociales<\/strong>. Pero tambi\u00e9n incorpora en el propio individuo el imperativo de convertirse en el \u00fanico responsable de sus \u00e9xitos y fracasos. Como nos explica Bauman (2017), el capitalismo ha propiciado as\u00ed la conversi\u00f3n de cada individuo en una empresa, en el sentido de que cada individuo se concibe como un espacio de emprendimiento que debe ser capaz de triunfar en una sociedad competitiva superando todos los riesgos existentes.<\/p>\n<p>Es por todo ello que Nacho Garc\u00eda et al. (2019) defienden un modelo de <strong>facilitaci\u00f3n no violenta<\/strong> capaz de reconstruir los lazos sociales que la subjetividad capitalista ha fragmentado.<\/p>\n<p><strong>La facilitaci\u00f3n se convierte as\u00ed en un apoyo para la reconstrucci\u00f3n comunitaria y la generaci\u00f3n de espacios que funcionen de forma colectiva<\/strong>. Es decir, que consideren como valor b\u00e1sico ser capaces de actuar y pensar colaborativamente (Garc\u00eda et al., 2019). Aqu\u00ed el adjetivo \u00abno violento\u00bb es clave. Ya que por <em>no violencia<\/em> entender\u00edamos la combinaci\u00f3n entre m\u00e9todos no violentos de organizaci\u00f3n y el rechazo a las violencias externas al grupo, que son entendidas como formas que buscan el dominio \u2013la subyugaci\u00f3n\u2013 de unos individuos sobre otros. Seg\u00fan Garc\u00eda et al. (2019, p. 8):<\/p>\n<blockquote><p>\u00abDesde la visi\u00f3n comunitaria y de grupo, desde el trabajo en colectivo en el cual enmarcamos la facilitaci\u00f3n no violenta, entendemos que en una realidad construida socialmente por seres humanos interdependientes entre s\u00ed y con el contexto, d\u00f3nde el conocimiento se basa en la pr\u00e1ctica y se desarrolla y genera a trav\u00e9s del di\u00e1logo, la no violencia no puede ser entendida sin la combinaci\u00f3n de estos elementos: construcci\u00f3n social, interdependencia, pr\u00e1ctica y di\u00e1logo. La Facilitaci\u00f3n No Violenta presta especial atenci\u00f3n a los procesos de grupo y a la construcci\u00f3n de Comunidad\u00bb.<\/p><\/blockquote>\n<p>Por ello, la facilitaci\u00f3n no violenta supone un modelo de toma decisiones transformador, que procura que los movimientos sociales y otros grupos que la llevan a cabo sean ejemplos a peque\u00f1a escala de un mundo configurado por <strong>v\u00ednculos fuertes<\/strong> y <strong>comportamientos colectivos<\/strong>.<\/p>\n<p>Para hacerlo realidad, Garc\u00eda et al. (2019) nos recuerdan que la facilitaci\u00f3n debe ser un proceso que manifieste relaciones horizontales de modo eficiente. Para ello, propone un modelo de facilitaci\u00f3n no violenta basado en el <strong>tri\u00e1ngulo de <\/strong><strong>efectividad grupal<\/strong>, que abarca objetivos, personas y procesos.<\/p>\n<ul>\n<li>Los <strong>objetivos<\/strong> son los resultados que esperamos conseguir conjuntamente.<\/li>\n<li>Los <strong>procesos<\/strong> son los m\u00e9todos mediante los cuales tomamos decisiones.<\/li>\n<li>Las <strong>personas<\/strong> son las integrantes del grupo, que deben ser comprendidas como entes complejos con vivencias propias que influyen en su participaci\u00f3n.<\/li>\n<\/ul>\n<p>La facilitaci\u00f3n debe tener en cuenta que, durante las asambleas, todos estos aspectos interact\u00faan y necesitan potenciarse mutuamente. Ya que potenciar solo un factor por encima de los otros puede acabar provocando que las asambleas se vac\u00eden o dejen de funcionar. Por ejemplo, un grupo que prime los objetivos por encima del proceso, imponiendo las decisiones desde una jerarqu\u00eda vertical y utilizando las asambleas como \u00f3rganos consultivos, podr\u00eda provocar la desmotivaci\u00f3n del grupo (Lorenzo y Mart\u00ednez, 2001). Sin embargo, un grupo que potencie el proceso de toma de decisiones, pero sin tener claros los objetivos, podr\u00eda impulsar debates interminables y abstractos que tambi\u00e9n desalienten la participaci\u00f3n. Y, del mismo modo, no tener en cuenta el bienestar de las y los integrantes del grupo podr\u00eda desmovilizarlos al no sentirse escuchados.<\/p>\n<div class=\"featured featured-grey\"><p>En el modelo de efectividad grupal publicado por Jos\u00e9 Luis Escorihuela, <em>Ulises<\/em>, en el a\u00f1o 2015, pod\u00e9is consultar un desarrollo m\u00e1s detallado sobre la efectividad grupal: <a href=\"https:\/\/iiface.org\/modelo-de-efectividad-grupal\/\" target=\"_blank\" rel=\"noopener\">https:\/\/iiface.org\/modelo-de-efectividad-grupal\/<\/a>.<\/p>\n<\/div>\n<figure id=\"attachment_1060\" aria-describedby=\"caption-attachment-1060\" style=\"width: 692px\" class=\"wp-caption alignnone\"><img loading=\"lazy\" decoding=\"async\" class=\"wp-image-1060 size-full\" src=\"\/wp-content\/uploads\/2024\/01\/PID_00298857_01.png\" alt=\"\" width=\"692\" height=\"454\" srcset=\"\/wp-content\/uploads\/2024\/01\/PID_00298857_01.png 692w, \/wp-content\/uploads\/2024\/01\/PID_00298857_01-300x197.png 300w\" sizes=\"(max-width: 692px) 100vw, 692px\" \/><figcaption id=\"caption-attachment-1060\" class=\"wp-caption-text\">Figura 1. Modelo de efectividad grupal (Escorihuela, 2015)<br \/>Fuente: elaboraci\u00f3n propia a partir del Instituto de facilitaci\u00f3n y cambio (IIFACE)<\/figcaption><\/figure>\n","protected":false},"excerpt":{"rendered":"<p>La facilitaci\u00f3n no violenta se define como el rol que, en el contexto de una asamblea, emplea un conjunto de t\u00e9cnicas que posibilitan una comunicaci\u00f3n y cohesi\u00f3n fluida durante el debate y toma de decisiones. El rol de facilitador o facilitadora a menudo se confunde con el de moderador, ya que ejerce funciones como ordenar [&hellip;]<\/p>\n","protected":false},"author":2,"featured_media":0,"parent":0,"menu_order":0,"comment_status":"closed","ping_status":"closed","template":"","meta":{"footnotes":""},"acf":[],"_links":{"self":[{"href":"http:\/\/processos-grupals.aula.uoc.edu\/es\/wp-json\/wp\/v2\/pages\/1056"}],"collection":[{"href":"http:\/\/processos-grupals.aula.uoc.edu\/es\/wp-json\/wp\/v2\/pages"}],"about":[{"href":"http:\/\/processos-grupals.aula.uoc.edu\/es\/wp-json\/wp\/v2\/types\/page"}],"author":[{"embeddable":true,"href":"http:\/\/processos-grupals.aula.uoc.edu\/es\/wp-json\/wp\/v2\/users\/2"}],"replies":[{"embeddable":true,"href":"http:\/\/processos-grupals.aula.uoc.edu\/es\/wp-json\/wp\/v2\/comments?post=1056"}],"version-history":[{"count":14,"href":"http:\/\/processos-grupals.aula.uoc.edu\/es\/wp-json\/wp\/v2\/pages\/1056\/revisions"}],"predecessor-version":[{"id":1373,"href":"http:\/\/processos-grupals.aula.uoc.edu\/es\/wp-json\/wp\/v2\/pages\/1056\/revisions\/1373"}],"wp:attachment":[{"href":"http:\/\/processos-grupals.aula.uoc.edu\/es\/wp-json\/wp\/v2\/media?parent=1056"}],"curies":[{"name":"wp","href":"https:\/\/api.w.org\/{rel}","templated":true}]}}