{"id":1053,"date":"2023-12-07T12:21:00","date_gmt":"2023-12-07T10:21:00","guid":{"rendered":"http:\/\/processos-grupals-aula.azurewebsites.net\/?page_id=1053"},"modified":"2024-09-12T17:03:10","modified_gmt":"2024-09-12T15:03:10","slug":"1-3-1-introduccion-2","status":"publish","type":"page","link":"http:\/\/processos-grupals.aula.uoc.edu\/es\/1-3-1-introduccion-2\/","title":{"rendered":"1.3.1. Introducci\u00f3n"},"content":{"rendered":"<p>Como hemos visto anteriormente, a partir del siglo <span class=\"roman\">XVIII<\/span> se genera un esfuerzo por comprender el comportamiento grupal, especialmente cuando toma la forma de insurrecci\u00f3n. Las concepciones que giran en torno a la noci\u00f3n de <a href=\"http:\/\/processos-grupals-aula.azurewebsites.net\/es\/1-2-2-las-masas\/\" target=\"_blank\" rel=\"noopener\"><em>masa<\/em><\/a>, que conciben la insurrecci\u00f3n como un estallido irracional de un conjunto amorfo de personas, no logran dar cuenta de las din\u00e1micas organizativas que subyacen tras estas manifestaciones de <a href=\"http:\/\/processos-grupals-aula.azurewebsites.net\/es\/1-2-2-las-masas\/\" target=\"_blank\" rel=\"noopener\"><strong>comportamiento colectivo<\/strong><\/a>. Una labor central en este sentido es comprender c\u00f3mo se genera la toma de decisiones en el seno de estos grupos, para acabar cristalizando en una organizaci\u00f3n de la propia interacci\u00f3n entre los miembros de estos espacios. Como veremos a continuaci\u00f3n, si bien las dimensiones corporales y afectivas son componentes importantes en las din\u00e1micas grupales y colectivas, no lo son menos el dise\u00f1o y la facilitaci\u00f3n de engranajes adecuados con el objetivo de facilitar y canalizar la participaci\u00f3n de sus integrantes, en un ejercicio orientado a potenciar la <strong>inteligencia colectiva<\/strong>.<\/p>\n<p>Si bien las pr\u00e1cticas, t\u00e9cnicas y reflexiones que se presentan a continuaci\u00f3n no son exclusivas de espacios asamblearios (pueden ser f\u00e1cilmente trasladadas y adaptadas a cualquier otro espacio grupal), lo cierto es que la <strong>asamblea<\/strong> es un espacio central en la vida de muchos grupos organizados, ya que representa, precisamente, el tipo de relaciones humanas que tales movimientos tratan de consolidar en la sociedad: basadas en la horizontalidad, el apoyo mutuo y el autogobierno. As\u00ed, el <strong>proceso de <\/strong><strong>facilitaci\u00f3n<\/strong> se ha convertido en una cuesti\u00f3n central de debate, an\u00e1lisis y reflexi\u00f3n en los espacios asamblearios, en general, y en los entornos activistas y de movimientos sociales, en particular.<\/p>\n<p>As\u00ed, empezamos presentando unas reflexiones sobre la <strong>facilitaci\u00f3n no violenta<\/strong>, en tanto que una conceptualizaci\u00f3n surgida de estos entornos activistas, para a continuaci\u00f3n revisar algunas de sus dimensiones aplicadas, como son la distribuci\u00f3n de funciones o roles dentro del grupo y las diferentes fases de la facilitaci\u00f3n. Para finalizar, se plantea una reflexi\u00f3n sobre la importancia del cuerpo, los afectos y las emociones en estos procesos de facilitaci\u00f3n no solo como estrategia para reforzar las din\u00e1micas grupales, sino tambi\u00e9n por sus efectos en la transformaci\u00f3n de la <strong>subjetividad<\/strong> de las y los participantes.<\/p>\n","protected":false},"excerpt":{"rendered":"<p>Como hemos visto anteriormente, a partir del siglo se genera un esfuerzo por comprender el comportamiento grupal, especialmente cuando toma la forma de insurrecci\u00f3n. Las concepciones que giran en torno a la noci\u00f3n de masa, que conciben la insurrecci\u00f3n como un estallido irracional de un conjunto amorfo de personas, no logran dar cuenta de las [&hellip;]<\/p>\n","protected":false},"author":2,"featured_media":0,"parent":0,"menu_order":0,"comment_status":"closed","ping_status":"closed","template":"","meta":{"footnotes":""},"acf":[],"_links":{"self":[{"href":"http:\/\/processos-grupals.aula.uoc.edu\/es\/wp-json\/wp\/v2\/pages\/1053"}],"collection":[{"href":"http:\/\/processos-grupals.aula.uoc.edu\/es\/wp-json\/wp\/v2\/pages"}],"about":[{"href":"http:\/\/processos-grupals.aula.uoc.edu\/es\/wp-json\/wp\/v2\/types\/page"}],"author":[{"embeddable":true,"href":"http:\/\/processos-grupals.aula.uoc.edu\/es\/wp-json\/wp\/v2\/users\/2"}],"replies":[{"embeddable":true,"href":"http:\/\/processos-grupals.aula.uoc.edu\/es\/wp-json\/wp\/v2\/comments?post=1053"}],"version-history":[{"count":5,"href":"http:\/\/processos-grupals.aula.uoc.edu\/es\/wp-json\/wp\/v2\/pages\/1053\/revisions"}],"predecessor-version":[{"id":1371,"href":"http:\/\/processos-grupals.aula.uoc.edu\/es\/wp-json\/wp\/v2\/pages\/1053\/revisions\/1371"}],"wp:attachment":[{"href":"http:\/\/processos-grupals.aula.uoc.edu\/es\/wp-json\/wp\/v2\/media?parent=1053"}],"curies":[{"name":"wp","href":"https:\/\/api.w.org\/{rel}","templated":true}]}}